{"id":90,"date":"2020-10-07T15:44:59","date_gmt":"2020-10-07T20:44:59","guid":{"rendered":"https:\/\/qft-mathphys.uniandes.edu.co\/anreyes\/?page_id=90"},"modified":"2025-03-29T21:30:52","modified_gmt":"2025-03-30T02:30:52","slug":"students","status":"publish","type":"page","link":"https:\/\/qft-mathphys.uniandes.edu.co\/anreyes\/students\/","title":{"rendered":"Students"},"content":{"rendered":"<h2>Ph.D.<\/h2>\n<ul>\n<li>Juli\u00e1n David Calder\u00f3n (coadvised with Alexander Cardona)<\/li>\n<li>Juan Felipe L\u00f3pez (2024)<\/li>\n<li>Ling Sequera (2022)<\/li>\n<li>Souad Tabban (2022)<\/li>\n<li>Nicol\u00e1s Avil\u00e1n (2016)<\/li>\n<li>Juan Carlos Salazar (2016)<\/li>\n<\/ul>\n<h2>M.Sc.<\/h2>\n<ul>\n<li>Nicol\u00e1s P\u00e9rez<\/li>\n<li>Jorge Alejandro Ontib\u00f3n (2024)<\/li>\n<li>Diego A. Roa Rodr\u00edguez (2023)<\/li>\n<li>Juan Sebasti\u00e1n Fl\u00f3rez (coadvised with Leonardo Cano, Universidad Nacional)<\/li>\n<li>Juli\u00e1n David Calder\u00f3n (coadvised with Alexander Cardona, 2022)<\/li>\n<li>Juan Felipe L\u00f3pez (2019)<\/li>\n<li>Sebasti\u00e1n Calder\u00f3n (coadvised with Paula Giraldo, 2019)<\/li>\n<li>Mateo Restrepo (2018)<\/li>\n<li>Catalina M. Rivera Mes\u00edas (2013)<\/li>\n<li>Olga M. Cort\u00e9s Becerra (2008)<\/li>\n<li>Hugo A. Contreras Palacios (2008)<\/li>\n<li>Carlos L. Benavides Riveros (2007)<\/li>\n<\/ul>\n<h2>B.Sc.<\/h2>\n<ul>\n<li>Luisa Zambrano (2023)<\/li>\n<li>Gloria Pinilla (2023)<\/li>\n<li>Juan Camilo Hidalgo (2023)<\/li>\n<li>Samuel Jaramillo (2023)<\/li>\n<li>Santiago Arciniegas (2023)<\/li>\n<li>Zharik Olavi (2023)<\/li>\n<li>Juan Andr\u00e9s Guzm\u00e1n (2023)<\/li>\n<li>Juan Camilo Daza (2023)<\/li>\n<li>Mart\u00edn Gonz\u00e1lez Abaunza (2022)<\/li>\n<li>Isabela Recio (2021)<\/li>\n<li>Daniel A. Ardila Herrera (2021)<\/li>\n<li>Juan Sebasti\u00e1n Morales (2021)<\/li>\n<li>Sergio Sep\u00falveda (coadvised with Javier Buitrago, 2021)<\/li>\n<li>Rafael Felipe C\u00f3rdoba (2021)<\/li>\n<li>Diego Roa (2021)<\/li>\n<li>Sebasti\u00e1n Puerto (2020)<\/li>\n<li>Juan David Prada (2019)<\/li>\n<li>Francisco Calder\u00f3n (2019)<\/li>\n<li>Daniel Berm\u00fadez (2019)<\/li>\n<li>David Alejandro Henr\u00edquez (2018)<\/li>\n<li>Carlos Buritic\u00e1 (2018)<\/li>\n<li>Sof\u00eda Garz\u00f3n (2018)<\/li>\n<li>Juan Felipe Ariza (2018)<\/li>\n<li>Iv\u00e1n Burbano (2017)<\/li>\n<li>Daniel S\u00e1nchez (2017)<\/li>\n<li>Sebasti\u00e1n Calder\u00f3n (2017)<\/li>\n<li>Alexander Sierra (coadvised with C\u00e9sar Herre\u00f1o, Universidad Distrital, 2016)<\/li>\n<li>Mateo Restrepo (2016)<\/li>\n<li>Jes\u00fas Cifuentes (2016)<\/li>\n<li>Nicol\u00e1s Escobar (2015)<\/li>\n<li>Juan Sebasti\u00e1n Cruz (2013)<\/li>\n<li>Ilan Reinstein (2013)<\/li>\n<li>Pedro Atencio (2013)<\/li>\n<li>Miguel \u00c1ngel Vargas (2012)<\/li>\n<li>Juan Pablo Daza (2012)<\/li>\n<li>Alexandra Pinto (2012)<\/li>\n<li>Thomas Haase (2012)<\/li>\n<li>Stefany Murcia (coadvised with C\u00e9sar Herre\u00f1o, Universidad Distrital, 2011)<\/li>\n<li>Bernardo Herrera (2011)<\/li>\n<li>Juan Camilo Orduz (2011)<\/li>\n<li>Catalina Rivera (2011)<\/li>\n<li>Juan Camilo Fiallo (2010)<\/li>\n<li>Juan Camilo Osorio Iregui (2009)<\/li>\n<li>Camilo Eduardo Sarmiento Cort\u00e9s (2007)<\/li>\n<li>Catalina G\u00f3mez S\u00e1nchez (2007)<\/li>\n<\/ul>\n\n\n<p><\/p>\n","protected":false},"excerpt":{"rendered":"<p>Ph.D. Juli\u00e1n David Calder\u00f3n (coadvised with Alexander Cardona) Juan Felipe L\u00f3pez (2024) Ling Sequera (2022) Souad Tabban (2022) Nicol\u00e1s Avil\u00e1n (2016) Juan Carlos Salazar (2016) M.Sc. Nicol\u00e1s P\u00e9rez Jorge Alejandro Ontib\u00f3n (2024) Diego A. Roa Rodr\u00edguez (2023) Juan Sebasti\u00e1n Fl\u00f3rez (coadvised with Leonardo Cano, Universidad Nacional) Juli\u00e1n David Calder\u00f3n (coadvised with Alexander Cardona, 2022) Juan\u2026 <span class=\"read-more\"><a href=\"https:\/\/qft-mathphys.uniandes.edu.co\/anreyes\/students\/\">Read More &raquo;<\/a><\/span><\/p>\n","protected":false},"author":2,"featured_media":0,"parent":0,"menu_order":0,"comment_status":"closed","ping_status":"closed","template":"","meta":{"_monsterinsights_skip_tracking":false,"_monsterinsights_sitenote_active":false,"_monsterinsights_sitenote_note":"","_monsterinsights_sitenote_category":0,"footnotes":""},"class_list":["post-90","page","type-page","status-publish","hentry"],"aioseo_notices":[],"_links":{"self":[{"href":"https:\/\/qft-mathphys.uniandes.edu.co\/anreyes\/wp-json\/wp\/v2\/pages\/90"}],"collection":[{"href":"https:\/\/qft-mathphys.uniandes.edu.co\/anreyes\/wp-json\/wp\/v2\/pages"}],"about":[{"href":"https:\/\/qft-mathphys.uniandes.edu.co\/anreyes\/wp-json\/wp\/v2\/types\/page"}],"author":[{"embeddable":true,"href":"https:\/\/qft-mathphys.uniandes.edu.co\/anreyes\/wp-json\/wp\/v2\/users\/2"}],"replies":[{"embeddable":true,"href":"https:\/\/qft-mathphys.uniandes.edu.co\/anreyes\/wp-json\/wp\/v2\/comments?post=90"}],"version-history":[{"count":17,"href":"https:\/\/qft-mathphys.uniandes.edu.co\/anreyes\/wp-json\/wp\/v2\/pages\/90\/revisions"}],"predecessor-version":[{"id":828,"href":"https:\/\/qft-mathphys.uniandes.edu.co\/anreyes\/wp-json\/wp\/v2\/pages\/90\/revisions\/828"}],"wp:attachment":[{"href":"https:\/\/qft-mathphys.uniandes.edu.co\/anreyes\/wp-json\/wp\/v2\/media?parent=90"}],"curies":[{"name":"wp","href":"https:\/\/api.w.org\/{rel}","templated":true}]}}