{"id":87,"date":"2020-10-07T15:44:23","date_gmt":"2020-10-07T20:44:23","guid":{"rendered":"https:\/\/qft-mathphys.uniandes.edu.co\/anreyes\/?page_id=87"},"modified":"2024-02-06T15:47:57","modified_gmt":"2024-02-06T20:47:57","slug":"teaching","status":"publish","type":"page","link":"https:\/\/qft-mathphys.uniandes.edu.co\/anreyes\/teaching\/","title":{"rendered":"Teaching"},"content":{"rendered":"\n<h2 class=\"wp-block-heading\">2024-I<\/h2>\n\n\n\n<h3 class=\"wp-block-heading\">Cosmos<\/h3>\n\n\n\n<h3 class=\"wp-block-heading\"><a href=\"https:\/\/qft-mathphys.uniandes.edu.co\/anreyes\/renormalizacion-perturbativa\/\">Renormalizaci\u00f3n Perturbativa<\/a><\/h3>\n\n\n\n<hr class=\"wp-block-separator has-css-opacity\"\/>\n\n\n\n<h2 class=\"wp-block-heading\">Otros cursos<\/h2>\n\n\n\n<h3 class=\"wp-block-heading\"><a href=\"https:\/\/qft-mathphys.uniandes.edu.co\/anreyes\/fisica-de-particulas\/\">F\u00edsica de Part\u00edculas<\/a><\/h3>\n\n\n\n<h3 class=\"wp-block-heading\"><a rel=\"noreferrer noopener\" href=\"https:\/\/qft-mathphys.uniandes.edu.co\/anreyes\/mecanica-analitica\/\" target=\"_blank\">Mec\u00e1nica Anal\u00edtica<\/a><\/h3>\n\n\n\n<h3 class=\"wp-block-heading\"><a href=\"https:\/\/qft-mathphys.uniandes.edu.co\/anreyes\/teoria-de-grupos\">Teor\u00eda de Grupos en Mec\u00e1nica Cu\u00e1ntica<\/a><\/h3>\n\n\n\n<h3 class=\"wp-block-heading\"><a href=\"https:\/\/qft-mathphys.uniandes.edu.co\/anreyes\/relatividad-general\/\" target=\"_blank\" rel=\"noreferrer noopener\">Relatividad General<\/a><\/h3>\n\n\n\n<h3 class=\"wp-block-heading\">Introducci\u00f3n a la F\u00edsica<\/h3>\n\n\n\n<h3 class=\"wp-block-heading\">Teor\u00eda Cu\u00e1ntica de Campos<\/h3>\n\n\n\n<h3 class=\"wp-block-heading\">Geometr\u00eda y Topolog\u00eda para F\u00edsicos<\/h3>\n\n\n\n<h3 class=\"wp-block-heading\">T\u00f3picos en Cuantizaci\u00f3n<\/h3>\n\n\n\n<h3 class=\"wp-block-heading\">Termodin\u00e1mica<\/h3>\n\n\n\n<h3 class=\"wp-block-heading\">F\u00edsica Estad\u00edstica<\/h3>\n\n\n\n<h3 class=\"wp-block-heading\">Mec\u00e1nica<\/h3>\n\n\n\n<h3 class=\"wp-block-heading\">Electrodin\u00e1mica<\/h3>\n\n\n\n<h3 class=\"wp-block-heading\">Mec\u00e1nica Cu\u00e1ntica II<\/h3>\n\n\n\n<h3 class=\"wp-block-heading\">Mec\u00e1nica Cu\u00e1ntica Avanzada<\/h3>\n\n\n\n<p><\/p>\n\n\n\n<p><\/p>\n\n\n\n<p><\/p>\n","protected":false},"excerpt":{"rendered":"<p>2024-I Cosmos Renormalizaci\u00f3n Perturbativa Otros cursos F\u00edsica de Part\u00edculas Mec\u00e1nica Anal\u00edtica Teor\u00eda de Grupos en Mec\u00e1nica Cu\u00e1ntica Relatividad General Introducci\u00f3n a la F\u00edsica Teor\u00eda Cu\u00e1ntica de Campos Geometr\u00eda y Topolog\u00eda para F\u00edsicos T\u00f3picos en Cuantizaci\u00f3n Termodin\u00e1mica F\u00edsica Estad\u00edstica Mec\u00e1nica Electrodin\u00e1mica Mec\u00e1nica Cu\u00e1ntica II Mec\u00e1nica Cu\u00e1ntica Avanzada<\/p>\n","protected":false},"author":2,"featured_media":0,"parent":0,"menu_order":0,"comment_status":"closed","ping_status":"closed","template":"","meta":{"_monsterinsights_skip_tracking":false,"_monsterinsights_sitenote_active":false,"_monsterinsights_sitenote_note":"","_monsterinsights_sitenote_category":0,"footnotes":""},"class_list":["post-87","page","type-page","status-publish","hentry"],"aioseo_notices":[],"_links":{"self":[{"href":"https:\/\/qft-mathphys.uniandes.edu.co\/anreyes\/wp-json\/wp\/v2\/pages\/87"}],"collection":[{"href":"https:\/\/qft-mathphys.uniandes.edu.co\/anreyes\/wp-json\/wp\/v2\/pages"}],"about":[{"href":"https:\/\/qft-mathphys.uniandes.edu.co\/anreyes\/wp-json\/wp\/v2\/types\/page"}],"author":[{"embeddable":true,"href":"https:\/\/qft-mathphys.uniandes.edu.co\/anreyes\/wp-json\/wp\/v2\/users\/2"}],"replies":[{"embeddable":true,"href":"https:\/\/qft-mathphys.uniandes.edu.co\/anreyes\/wp-json\/wp\/v2\/comments?post=87"}],"version-history":[{"count":20,"href":"https:\/\/qft-mathphys.uniandes.edu.co\/anreyes\/wp-json\/wp\/v2\/pages\/87\/revisions"}],"predecessor-version":[{"id":742,"href":"https:\/\/qft-mathphys.uniandes.edu.co\/anreyes\/wp-json\/wp\/v2\/pages\/87\/revisions\/742"}],"wp:attachment":[{"href":"https:\/\/qft-mathphys.uniandes.edu.co\/anreyes\/wp-json\/wp\/v2\/media?parent=87"}],"curies":[{"name":"wp","href":"https:\/\/api.w.org\/{rel}","templated":true}]}}