{"id":51,"date":"2020-10-07T14:49:17","date_gmt":"2020-10-07T19:49:17","guid":{"rendered":"https:\/\/qft-mathphys.uniandes.edu.co\/anreyes\/?page_id=51"},"modified":"2024-03-14T11:29:54","modified_gmt":"2024-03-14T16:29:54","slug":"teoria-de-grupos","status":"publish","type":"page","link":"https:\/\/qft-mathphys.uniandes.edu.co\/anreyes\/teoria-de-grupos\/","title":{"rendered":"Teor\u00eda de Grupos en Mec\u00e1nica Cu\u00e1ntica"},"content":{"rendered":"<h2>FISI-3005\/4005<\/h2>\n<p><a href=\"https:\/\/qft-mathphys.uniandes.edu.co\/anreyes\/wp-content\/uploads\/2022\/09\/Programa-Grupos-2019-II.pdf\" target=\"_blank\" rel=\"noopener noreferrer\"><strong>Programa del curso<\/strong><\/a><\/p>\n<h3>Tareas:<\/h3>\n<p><strong><a href=\"https:\/\/qft-mathphys.uniandes.edu.co\/anreyes\/wp-content\/uploads\/2024\/03\/Grupos-2019-II-Tarea-1.pdf\" target=\"_blank\" rel=\"noopener\">Tarea 1<\/a>,\u00a0<a href=\"https:\/\/fisica.uniandes.edu.co\/profesores\/anreyes\/wp-content\/uploads\/2019\/10\/Grupos-2019-II-Tarea-2.pdf\">Tarea 2<\/a>,\u00a0<a href=\"https:\/\/fisica.uniandes.edu.co\/profesores\/anreyes\/wp-content\/uploads\/2019\/12\/Grupos-2019-II-Tarea-3.pdf\">Tarea 3<\/a>,\u00a0<a href=\"https:\/\/fisica.uniandes.edu.co\/profesores\/anreyes\/wp-content\/uploads\/2019\/12\/Grupos-2019-II-Tarea-4.pdf\">Tarea 4<\/a><\/strong><\/p>\n<h3>Notas de clase:<\/h3>\n<ol>\n<li>El concepto de simetr\u00eda (<a href=\"https:\/\/qft-mathphys.uniandes.edu.co\/anreyes\/wp-content\/uploads\/2022\/09\/1-El-Concepto-de-Simetria.pdf\" target=\"_blank\" rel=\"noopener noreferrer\"><strong>PDF<\/strong><\/a>)<\/li>\n<li>Subgrupos, homomorfismos, etc. (<a href=\"https:\/\/qft-mathphys.uniandes.edu.co\/anreyes\/wp-content\/uploads\/2022\/09\/2-Subgrupos-Homomorfismos.pdf\" target=\"_blank\" rel=\"noopener noreferrer\"><strong>PDF<\/strong><\/a>)<\/li>\n<li>Subgrupos finitos de SO(3) (<a href=\"https:\/\/qft-mathphys.uniandes.edu.co\/anreyes\/wp-content\/uploads\/2022\/09\/3-G-espacios.-Grupos-Ciclicos.-Subgrupos-finitos-de-SO3.pdf\" target=\"_blank\" rel=\"noopener noreferrer\"><strong>PDF<\/strong><\/a>)<\/li>\n<li>Representaciones de grupos (<a href=\"https:\/\/qft-mathphys.uniandes.edu.co\/anreyes\/wp-content\/uploads\/2022\/09\/4-Representaciones-de-Grupos.pdf\" target=\"_blank\" rel=\"noopener noreferrer\"><strong>PDF<\/strong><\/a>)<\/li>\n<li>El lema de Schur (<strong><a href=\"https:\/\/qft-mathphys.uniandes.edu.co\/anreyes\/wp-content\/uploads\/2024\/02\/5-El-Lema-de-Schur.-Relaciones-de-ortogonalidad.pdf\" target=\"_blank\" rel=\"noopener\">PDF<\/a><\/strong>)<\/li>\n<li>Caracteres (<strong><a href=\"https:\/\/qft-mathphys.uniandes.edu.co\/anreyes\/wp-content\/uploads\/2024\/03\/6-Caracteres.pdf\" target=\"_blank\" rel=\"noopener\">PDF<\/a><\/strong>)<\/li>\n<li>La representaci\u00f3n regular (<strong><a href=\"https:\/\/qft-mathphys.uniandes.edu.co\/anreyes\/wp-content\/uploads\/2024\/03\/7-La-Representacion-Regular.pdf\" target=\"_blank\" rel=\"noopener\">PDF<\/a><\/strong>)<\/li>\n<li>El \u00e1lgebra de grupo (<strong><a href=\"https:\/\/qft-mathphys.uniandes.edu.co\/anreyes\/wp-content\/uploads\/2024\/03\/8-El-Algebra-de-Grupo.pdf\" target=\"_blank\" rel=\"noopener\">PDF<\/a><\/strong>)<\/li>\n<li>Irreps y clases de conjugaci\u00f3n (<strong><a href=\"https:\/\/qft-mathphys.uniandes.edu.co\/anreyes\/wp-content\/uploads\/2024\/03\/9-Irreps-y-Clases-de-Conjugacion.pdf\" target=\"_blank\" rel=\"noopener\">PDF<\/a><\/strong>)<\/li>\n<li>Tablas de caracteres (<strong><a href=\"https:\/\/qft-mathphys.uniandes.edu.co\/anreyes\/wp-content\/uploads\/2024\/03\/10-Tablas-de-Caracteres.pdf\" target=\"_blank\" rel=\"noopener\">PDF<\/a><\/strong>)<\/li>\n<li>Vibraciones moleculares<\/li>\n<li>Grupos continuos. Generadores infinitesimales<\/li>\n<li>Productos semidirectos<\/li>\n<li>Clasificaci\u00f3n de part\u00edculas seg\u00fan Wigner<\/li>\n<li>Teorema de Peter-Weyl. Irreps. de SU(2)<\/li>\n<li>El grupo de permutaciones-I<\/li>\n<li>El grupo de permutaciones-II<\/li>\n<li style=\"list-style-type: none;\">\n<ol>\n<li style=\"list-style-type: none;\"><\/li>\n<\/ol>\n<\/li>\n<\/ol>\n<h3>Algunas referencias y material suplementario:<\/h3>\n<ul>\n<li>Ejercicios de repaso parcial 3 (<a href=\"https:\/\/fisica.uniandes.edu.co\/profesores\/anreyes\/wp-content\/uploads\/2019\/11\/Grupos-2019-II-Ejercicios-Parcial3.pdf\" target=\"_blank\" rel=\"noopener noreferrer\"><strong>PDF<\/strong><\/a>)<\/li>\n<li>El formalismo auto-dual de Araki y estados topol\u00f3gicos de la materia cu\u00e1ntica\u00a0(<a href=\"https:\/\/biblioteca.uniandes.edu.co\/acepto201699.php?id=13029.pdf\" target=\"_blank\" rel=\"noopener noreferrer\"><strong>PDF<\/strong><\/a>)<\/li>\n<\/ul>\n","protected":false},"excerpt":{"rendered":"<p>FISI-3005\/4005 Programa del curso Tareas: Tarea 1,\u00a0Tarea 2,\u00a0Tarea 3,\u00a0Tarea 4 Notas de clase: El concepto de simetr\u00eda (PDF) Subgrupos, homomorfismos, etc. (PDF) Subgrupos finitos de SO(3) (PDF) Representaciones de grupos (PDF) El lema de Schur (PDF) Caracteres (PDF) La representaci\u00f3n regular (PDF) El \u00e1lgebra de grupo (PDF) Irreps y clases de conjugaci\u00f3n (PDF) Tablas de\u2026 <span class=\"read-more\"><a href=\"https:\/\/qft-mathphys.uniandes.edu.co\/anreyes\/teoria-de-grupos\/\">Read More &raquo;<\/a><\/span><\/p>\n","protected":false},"author":3,"featured_media":0,"parent":0,"menu_order":0,"comment_status":"closed","ping_status":"closed","template":"","meta":{"_monsterinsights_skip_tracking":false,"_monsterinsights_sitenote_active":false,"_monsterinsights_sitenote_note":"","_monsterinsights_sitenote_category":0,"footnotes":""},"class_list":["post-51","page","type-page","status-publish","hentry"],"aioseo_notices":[],"_links":{"self":[{"href":"https:\/\/qft-mathphys.uniandes.edu.co\/anreyes\/wp-json\/wp\/v2\/pages\/51"}],"collection":[{"href":"https:\/\/qft-mathphys.uniandes.edu.co\/anreyes\/wp-json\/wp\/v2\/pages"}],"about":[{"href":"https:\/\/qft-mathphys.uniandes.edu.co\/anreyes\/wp-json\/wp\/v2\/types\/page"}],"author":[{"embeddable":true,"href":"https:\/\/qft-mathphys.uniandes.edu.co\/anreyes\/wp-json\/wp\/v2\/users\/3"}],"replies":[{"embeddable":true,"href":"https:\/\/qft-mathphys.uniandes.edu.co\/anreyes\/wp-json\/wp\/v2\/comments?post=51"}],"version-history":[{"count":9,"href":"https:\/\/qft-mathphys.uniandes.edu.co\/anreyes\/wp-json\/wp\/v2\/pages\/51\/revisions"}],"predecessor-version":[{"id":811,"href":"https:\/\/qft-mathphys.uniandes.edu.co\/anreyes\/wp-json\/wp\/v2\/pages\/51\/revisions\/811"}],"wp:attachment":[{"href":"https:\/\/qft-mathphys.uniandes.edu.co\/anreyes\/wp-json\/wp\/v2\/media?parent=51"}],"curies":[{"name":"wp","href":"https:\/\/api.w.org\/{rel}","templated":true}]}}