{"id":34,"date":"2020-10-07T14:41:32","date_gmt":"2020-10-07T19:41:32","guid":{"rendered":"https:\/\/qft-mathphys.uniandes.edu.co\/anreyes\/?page_id=34"},"modified":"2022-02-15T13:33:23","modified_gmt":"2022-02-15T18:33:23","slug":"mecanica-analitica","status":"publish","type":"page","link":"https:\/\/qft-mathphys.uniandes.edu.co\/anreyes\/mecanica-analitica\/","title":{"rendered":"Mec\u00e1nica Anal\u00edtica"},"content":{"rendered":"<header class=\"entry-header\">\n<h1 class=\"entry-title\"><span style=\"font-size: 16px;\">FISI-4405<\/span><\/h1>\n<\/header>\n<div class=\"entry-content\">\n<h3><a href=\"https:\/\/qft-mathphys.uniandes.edu.co\/anreyes\/wp-content\/uploads\/2021\/11\/Programa_Mecanica_Analitica_2019-I.pdf\" target=\"_blank\" rel=\"noopener noreferrer\">Programa del curso<\/a><\/h3>\n<h3>Tareas:<\/h3>\n<p><strong><a href=\"https:\/\/fisica.uniandes.edu.co\/profesores\/anreyes\/wp-content\/uploads\/2019\/02\/Mecanica-Clasica-2019-I-T1.pdf\" target=\"_blank\" rel=\"noopener noreferrer\">T1,\u00a0<\/a><\/strong><strong><a href=\"https:\/\/fisica.uniandes.edu.co\/profesores\/anreyes\/wp-content\/uploads\/2019\/02\/Mecanica-Clasica-2019-I-T2.pdf\" target=\"_blank\" rel=\"noopener noreferrer\">T2,\u00a0<\/a><\/strong><strong><a href=\"https:\/\/fisica.uniandes.edu.co\/profesores\/anreyes\/wp-content\/uploads\/2019\/02\/Mecanica-Clasica-2019-I-T3.pdf\" target=\"_blank\" rel=\"noopener noreferrer\">T3,\u00a0<\/a><a href=\"https:\/\/fisica.uniandes.edu.co\/profesores\/anreyes\/wp-content\/uploads\/2019\/02\/Mecanica-Clasica-2019-I-T4.pdf\" target=\"_blank\" rel=\"noopener noreferrer\">T4,\u00a0<\/a><a href=\"https:\/\/fisica.uniandes.edu.co\/profesores\/anreyes\/wp-content\/uploads\/2019\/02\/Mecanica-Clasica-2019-I-T5.pdf\" target=\"_blank\" rel=\"noopener noreferrer\">T5,\u00a0<\/a><a href=\"https:\/\/fisica.uniandes.edu.co\/profesores\/anreyes\/wp-content\/uploads\/2019\/03\/Mecanica-Clasica-2019-I-T6.pdf\" target=\"_blank\" rel=\"noopener noreferrer\">T6,\u00a0<\/a><a href=\"https:\/\/fisica.uniandes.edu.co\/profesores\/anreyes\/wp-content\/uploads\/2019\/03\/Mecanica-Clasica-2019-I-T7.pdf\" target=\"_blank\" rel=\"noopener noreferrer\">T7,\u00a0<\/a><a href=\"https:\/\/fisica.uniandes.edu.co\/profesores\/anreyes\/wp-content\/uploads\/2019\/04\/Mecanica-Clasica-2019-I-T8.pdf\" target=\"_blank\" rel=\"noopener noreferrer\">T8<\/a><\/strong><\/p>\n<h3>Notas de clase:<\/h3>\n<ol>\n<li>Leyes de Newton\/Principio de D\u2019Alembert (<a href=\"https:\/\/qft-mathphys.uniandes.edu.co\/anreyes\/wp-content\/uploads\/2021\/11\/1-Leyes-de-Newton-Ppio-DAlembert.pdf\" target=\"_blank\" rel=\"noopener noreferrer\"><strong>PDF<\/strong><\/a>)<\/li>\n<li>C\u00e1lculo variacional\u00a0(<a href=\"https:\/\/qft-mathphys.uniandes.edu.co\/anreyes\/wp-content\/uploads\/2022\/02\/2-Calculo-variacional.pdf\" target=\"_blank\" rel=\"noopener noreferrer\"><strong>PDF<\/strong><\/a>)<\/li>\n<li>Mec\u00e1nica Lagrangiana-I (<a href=\"https:\/\/qft-mathphys.uniandes.edu.co\/anreyes\/wp-content\/uploads\/2022\/02\/3-Mecanica-Lagrangiana-I.pdf\" target=\"_blank\" rel=\"noopener noreferrer\"><strong>PDF<\/strong><\/a>)<\/li>\n<li>Curvas y superficies\u00a0(<a href=\"https:\/\/qft-mathphys.uniandes.edu.co\/anreyes\/wp-content\/uploads\/2022\/02\/4-Curvas-y-superficies.pdf\" target=\"_blank\" rel=\"noopener noreferrer\"><strong>PDF<\/strong><\/a>)<\/li>\n<li>Ecuaciones de Hamilton (<a href=\"https:\/\/qft-mathphys.uniandes.edu.co\/anreyes\/wp-content\/uploads\/2022\/02\/5-Ecuaciones-de-Hamilton.pdf\" target=\"_blank\" rel=\"noopener noreferrer\"><strong>PDF<\/strong><\/a>)<\/li>\n<li>Transformaciones can\u00f3nicas (<a href=\"https:\/\/qft-mathphys.uniandes.edu.co\/anreyes\/wp-content\/uploads\/2022\/02\/6-Transformaciones-canonicas.pdf\" target=\"_blank\" rel=\"noopener noreferrer\"><strong>PDF<\/strong><\/a>)<\/li>\n<li>Variedades diferenciables (<a href=\"https:\/\/qft-mathphys.uniandes.edu.co\/anreyes\/wp-content\/uploads\/2022\/02\/7-Variedades-diferenciables.pdf\" target=\"_blank\" rel=\"noopener noreferrer\"><strong>PDF<\/strong><\/a>)<\/li>\n<li>Campos vectoriales, formas diferenciales, derivada de Lie (<a href=\"https:\/\/qft-mathphys.uniandes.edu.co\/anreyes\/wp-content\/uploads\/2022\/02\/8-Campos-vectoriales-formas-diferenciales-derivada-de-Lie.pdf\" target=\"_blank\" rel=\"noopener noreferrer\"><strong>PDF<\/strong><\/a>)<\/li>\n<li>Grupos de Lie (<a href=\"https:\/\/qft-mathphys.uniandes.edu.co\/anreyes\/wp-content\/uploads\/2022\/02\/9-Grupos-de-Lie.pdf\" target=\"_blank\" rel=\"noopener noreferrer\"><strong>PDF<\/strong><\/a>)<\/li>\n<li>Mec\u00e1nica Lagrangiana-II<\/li>\n<li>Cuerpo r\u00edgido y SO(3)<\/li>\n<li>Teor\u00eda de Hamilton-Jacobi<\/li>\n<li>Variables de \u00e1ngulo-acci\u00f3n<\/li>\n<li>Teor\u00eda de perturbaciones<\/li>\n<li>Geometr\u00eda simpl\u00e9ctica y mec\u00e1nica hamiltoniana<\/li>\n<li>Sistemas con ligaduras: Teor\u00eda de Dirac<\/li>\n<li>Sistemas con ligaduras: Tratamiento geom\u00e9trico<\/li>\n<\/ol>\n<h3>Algunas referencias y material suplementario:<\/h3>\n<ul>\n<li>Some Notes on Geometry and Quantization, S. Scott (<a href=\"https:\/\/qft-mathphys.uniandes.edu.co\/anreyes\/wp-content\/uploads\/2022\/02\/Notas-Simon-Scott.pdf\" target=\"_blank\" rel=\"noopener noreferrer\"><strong>PDF<\/strong><\/a>)<\/li>\n<li>Elementary Differential Geometry, A.N. Pressley. Springer Undergraduate Mathematics Series, 2nd Ed. 2010 (disponible en la biblioteca de la universidad v\u00eda Springer Link)<\/li>\n<li>Introduction to Differentiable Manifolds and Symplectic Geometry, T. Wurzbacher (<a href=\"https:\/\/www.ruhr-uni-bochum.de\/imperia\/md\/content\/mathematik\/lehrstuhl-ii\/sdgtw.pdf\" target=\"_blank\" rel=\"noopener noreferrer\"><strong>PDF<\/strong><\/a>)<\/li>\n<li>Notas Transformada de Legendre, A. Reyes (<a href=\"https:\/\/qft-mathphys.uniandes.edu.co\/anreyes\/wp-content\/uploads\/2022\/02\/Transformada_de_Legendre.pdf\" target=\"_blank\" rel=\"noopener noreferrer\"><strong>PDF<\/strong><\/a>)<\/li>\n<\/ul>\n<\/div>\n\n\n<p><\/p>\n","protected":false},"excerpt":{"rendered":"<p>FISI-4405 Programa del curso Tareas: T1,\u00a0T2,\u00a0T3,\u00a0T4,\u00a0T5,\u00a0T6,\u00a0T7,\u00a0T8 Notas de clase: Leyes de Newton\/Principio de D\u2019Alembert (PDF) C\u00e1lculo variacional\u00a0(PDF) Mec\u00e1nica Lagrangiana-I (PDF) Curvas y superficies\u00a0(PDF) Ecuaciones de Hamilton (PDF) Transformaciones can\u00f3nicas (PDF) Variedades diferenciables (PDF) Campos vectoriales, formas diferenciales, derivada de Lie (PDF) Grupos de Lie (PDF) Mec\u00e1nica Lagrangiana-II Cuerpo r\u00edgido y SO(3) Teor\u00eda de Hamilton-Jacobi Variables\u2026 <span class=\"read-more\"><a href=\"https:\/\/qft-mathphys.uniandes.edu.co\/anreyes\/mecanica-analitica\/\">Read More &raquo;<\/a><\/span><\/p>\n","protected":false},"author":2,"featured_media":0,"parent":0,"menu_order":0,"comment_status":"closed","ping_status":"closed","template":"","meta":{"_monsterinsights_skip_tracking":false,"_monsterinsights_sitenote_active":false,"_monsterinsights_sitenote_note":"","_monsterinsights_sitenote_category":0,"footnotes":""},"class_list":["post-34","page","type-page","status-publish","hentry"],"aioseo_notices":[],"_links":{"self":[{"href":"https:\/\/qft-mathphys.uniandes.edu.co\/anreyes\/wp-json\/wp\/v2\/pages\/34"}],"collection":[{"href":"https:\/\/qft-mathphys.uniandes.edu.co\/anreyes\/wp-json\/wp\/v2\/pages"}],"about":[{"href":"https:\/\/qft-mathphys.uniandes.edu.co\/anreyes\/wp-json\/wp\/v2\/types\/page"}],"author":[{"embeddable":true,"href":"https:\/\/qft-mathphys.uniandes.edu.co\/anreyes\/wp-json\/wp\/v2\/users\/2"}],"replies":[{"embeddable":true,"href":"https:\/\/qft-mathphys.uniandes.edu.co\/anreyes\/wp-json\/wp\/v2\/comments?post=34"}],"version-history":[{"count":16,"href":"https:\/\/qft-mathphys.uniandes.edu.co\/anreyes\/wp-json\/wp\/v2\/pages\/34\/revisions"}],"predecessor-version":[{"id":411,"href":"https:\/\/qft-mathphys.uniandes.edu.co\/anreyes\/wp-json\/wp\/v2\/pages\/34\/revisions\/411"}],"wp:attachment":[{"href":"https:\/\/qft-mathphys.uniandes.edu.co\/anreyes\/wp-json\/wp\/v2\/media?parent=34"}],"curies":[{"name":"wp","href":"https:\/\/api.w.org\/{rel}","templated":true}]}}