{"id":281,"date":"2021-05-27T13:15:38","date_gmt":"2021-05-27T18:15:38","guid":{"rendered":"https:\/\/qft-mathphys.uniandes.edu.co\/anreyes\/?page_id=281"},"modified":"2024-02-06T16:56:06","modified_gmt":"2024-02-06T21:56:06","slug":"fisica-de-particulas","status":"publish","type":"page","link":"https:\/\/qft-mathphys.uniandes.edu.co\/anreyes\/fisica-de-particulas\/","title":{"rendered":"F\u00edsica de Part\u00edculas"},"content":{"rendered":"\n<h3 class=\"wp-block-heading\">(FISI-3152)<\/h3>\n\n\n\n<div class=\"wp-block-buttons is-layout-flex wp-block-buttons-is-layout-flex\">\n<div class=\"wp-block-button is-style-outline is-style-outline--aed72377ee4ba6e37c6d44e6c8913e54\"><a class=\"wp-block-button__link wp-element-button\" href=\"https:\/\/qft-mathphys.uniandes.edu.co\/anreyes\/wp-content\/uploads\/2022\/08\/Programa-2022-II.pdf\" style=\"border-radius:50px\" target=\"_blank\" rel=\"noreferrer noopener\">Programa<\/a><\/div>\n<\/div>\n\n\n\n<h2 class=\"wp-block-heading\">Notas de clase<\/h2>\n\n\n\n<ol class=\"wp-block-list\">\n<li>Scattering de Rutherford <a rel=\"noreferrer noopener\" href=\"https:\/\/qft-mathphys.uniandes.edu.co\/anreyes\/wp-content\/uploads\/2021\/05\/1-Scattering-de-Rutherford.pdf\" target=\"_blank\">PDF<\/a> <\/li>\n\n\n\n<li>Scattering en mec\u00e1nica cu\u00e1ntica <a href=\"https:\/\/qft-mathphys.uniandes.edu.co\/anreyes\/wp-content\/uploads\/2022\/08\/2-Scattering-1.pdf\">PDF<\/a> <\/li>\n\n\n\n<li>Invarianza Relativista <a href=\"https:\/\/qft-mathphys.uniandes.edu.co\/anreyes\/wp-content\/uploads\/2021\/05\/2-Invarianza-Relativista.pdf\">PDF<\/a> <\/li>\n\n\n\n<li>Grupos Continuos. Generadores Infinitesimales <a href=\"https:\/\/qft-mathphys.uniandes.edu.co\/anreyes\/wp-content\/uploads\/2021\/05\/3-Grupos-Continuos.-Generadores-Infinitesimales.pdf\">PDF<\/a> <\/li>\n\n\n\n<li>Estados. Observables. Simetr\u00edas <a href=\"https:\/\/qft-mathphys.uniandes.edu.co\/anreyes\/wp-content\/uploads\/2021\/05\/4-Estados.-Observables.-Simetrias.pdf\">PDF<\/a><\/li>\n\n\n\n<li>El origen de las ecuaciones relativistas <a href=\"https:\/\/qft-mathphys.uniandes.edu.co\/anreyes\/wp-content\/uploads\/2021\/05\/5-El-Origen-de-las-Ecuaciones-Relativistas.pdf\">PDF<\/a><\/li>\n\n\n\n<li>El campo escalar. Modos de Fourier <a href=\"https:\/\/qft-mathphys.uniandes.edu.co\/anreyes\/wp-content\/uploads\/2021\/05\/6-El-Campo-Escalar-Modos-de-Fourier.pdf\">PDF<\/a><\/li>\n\n\n\n<li>El campos escalar. Cuantizaci\u00f3n can\u00f3nica <a href=\"https:\/\/qft-mathphys.uniandes.edu.co\/anreyes\/wp-content\/uploads\/2022\/10\/7-Campo-Escalar-Cuantizacion-Canonica.pdf\">PDF<\/a><\/li>\n\n\n\n<li>El concepto de part\u00edcula de Wigner <a rel=\"noreferrer noopener\" href=\"https:\/\/qft-mathphys.uniandes.edu.co\/anreyes\/wp-content\/uploads\/2022\/10\/8-El-Concepto-de-Particula-de-Wigner_red.pdf\" target=\"_blank\">PDF<\/a><\/li>\n\n\n\n<li>La serie de Dyson <a rel=\"noreferrer noopener\" href=\"https:\/\/qft-mathphys.uniandes.edu.co\/anreyes\/wp-content\/uploads\/2022\/10\/9-La-serie-de-Dyson.pdf\" data-type=\"URL\" data-id=\"https:\/\/qft-mathphys.uniandes.edu.co\/anreyes\/wp-content\/uploads\/2022\/10\/9-La-serie-de-Dyson.pdf\" target=\"_blank\">PDF<\/a><\/li>\n\n\n\n<li>Teorema de Wick (caso bos\u00f3nico) <a rel=\"noreferrer noopener\" href=\"https:\/\/qft-mathphys.uniandes.edu.co\/anreyes\/wp-content\/uploads\/2022\/10\/10-Teorema-de-Wick-caso-bosonico.pdf\" target=\"_blank\">PDF<\/a><\/li>\n\n\n\n<li>Diagramas de Feynman (Phi-4) <a href=\"https:\/\/qft-mathphys.uniandes.edu.co\/anreyes\/wp-content\/uploads\/2024\/02\/11-Diagramas-de-Feynman-Phi-4.pdf\" target=\"_blank\" rel=\"noopener\" title=\"\">PDF<\/a><\/li>\n\n\n\n<li>Electrodin\u00e1mica-Formulaci\u00f3n covariante <a rel=\"noreferrer noopener\" href=\"https:\/\/qft-mathphys.uniandes.edu.co\/anreyes\/wp-content\/uploads\/2022\/10\/12-Electrodinamica-Formulacion-covariante.pdf\" target=\"_blank\">PDF<\/a> <\/li>\n\n\n\n<li>Scattering cl\u00e1sico de radiaci\u00f3n (Thomson) <a rel=\"noreferrer noopener\" href=\"https:\/\/qft-mathphys.uniandes.edu.co\/anreyes\/wp-content\/uploads\/2022\/10\/13-Scattering-clasico-de-radicion-Thomson_.pdf\" target=\"_blank\">PDF<\/a> <\/li>\n\n\n\n<li>Cuantizaci\u00f3n del campo electromagn\u00e9tico <a rel=\"noreferrer noopener\" href=\"https:\/\/qft-mathphys.uniandes.edu.co\/anreyes\/wp-content\/uploads\/2022\/10\/14-Cuantizacion-del-campo-electromagnetico.pdf\" target=\"_blank\">PDF<\/a> <\/li>\n\n\n\n<li>El principio gauge. Ejemplo (electrodin\u00e1mica escalar) <a rel=\"noreferrer noopener\" href=\"https:\/\/qft-mathphys.uniandes.edu.co\/anreyes\/wp-content\/uploads\/2022\/10\/15-El-principio-gauge.-Ejemplo-electrodinamica-escalar.pdf\" target=\"_blank\">PDF<\/a> <\/li>\n\n\n\n<li>La ecuaci\u00f3n de Dirac <a rel=\"noreferrer noopener\" href=\"https:\/\/qft-mathphys.uniandes.edu.co\/anreyes\/wp-content\/uploads\/2022\/10\/16-La-ecuacion-de-Dirac.pdf\" data-type=\"URL\" data-id=\"https:\/\/qft-mathphys.uniandes.edu.co\/anreyes\/wp-content\/uploads\/2022\/10\/16-La-ecuacion-de-Dirac.pdf\" target=\"_blank\">PDF<\/a><\/li>\n\n\n\n<li>Operador S en QED (a orden 2) <a rel=\"noreferrer noopener\" href=\"https:\/\/qft-mathphys.uniandes.edu.co\/anreyes\/wp-content\/uploads\/2022\/11\/17-Operador-S-en-QED-a-orden-2.pdf\" target=\"_blank\">PDF<\/a><\/li>\n\n\n\n<li>F\u00f3rmulas covariantes para la matriz S (parte 1) <a href=\"https:\/\/qft-mathphys.uniandes.edu.co\/anreyes\/wp-content\/uploads\/2023\/02\/Formulas-covariantes-para-la-matriz-S-parte-1.pdf\" target=\"_blank\" rel=\"noreferrer noopener\">PDF<\/a><\/li>\n\n\n\n<li>QED: Procesos f\u00edsicos elementales<\/li>\n\n\n\n<li>El n\u00facleo at\u00f3mico. Isosp\u00edn nuclear y la interacci\u00f3n fuerte<\/li>\n\n\n\n<li>SU(3) y el camino \u00f3ctuple. El modelo quark<\/li>\n\n\n\n<li>Violaci\u00f3n de paridad. Decaimiento beta. Modelo de Fermi<\/li>\n\n\n\n<li>Corrientes V-A<\/li>\n\n\n\n<li>El mecanismo de Higgs<\/li>\n\n\n\n<li>El Modelo Electrod\u00e9bil<\/li>\n\n\n\n<li>QCD. El Modelo Est\u00e1ndar  <\/li>\n<\/ol>\n\n\n\n<hr class=\"wp-block-separator has-css-opacity\"\/>\n\n\n\n<h2 class=\"wp-block-heading\">Tareas y parciales <\/h2>\n\n\n\n<h4 class=\"wp-block-heading\">2023:<\/h4>\n\n\n\n<h4 class=\"wp-block-heading\">2022:   \u2002   \u2002      <a href=\"https:\/\/qft-mathphys.uniandes.edu.co\/anreyes\/wp-content\/uploads\/2023\/07\/Particulas-2022-II-Tarea-2.pdf\" target=\"_blank\" rel=\"noreferrer noopener\">T1<\/a> <mark style=\"background-color:rgba(0, 0, 0, 0)\" class=\"has-inline-color has-white-color\">A<\/mark> <a href=\"https:\/\/qft-mathphys.uniandes.edu.co\/anreyes\/wp-content\/uploads\/2023\/07\/Particulas-2022-II-Tarea-2.pdf\" target=\"_blank\" rel=\"noreferrer noopener\">T2<\/a> <mark style=\"background-color:rgba(0, 0, 0, 0)\" class=\"has-inline-color has-white-color\">A<\/mark> <a href=\"https:\/\/qft-mathphys.uniandes.edu.co\/anreyes\/wp-content\/uploads\/2023\/07\/Particulas-2022-II-Tarea-3.pdf\" target=\"_blank\" rel=\"noreferrer noopener\">T3<\/a> <mark style=\"background-color:rgba(0, 0, 0, 0)\" class=\"has-inline-color has-white-color\">A<\/mark> <a href=\"https:\/\/qft-mathphys.uniandes.edu.co\/anreyes\/wp-content\/uploads\/2023\/07\/Particulas-2022-II-Tarea-4.pdf\" target=\"_blank\" rel=\"noreferrer noopener\">T4<\/a> <mark><mark style=\"background-color:#ffffff\" class=\"has-inline-color has-white-color\">A<\/mark><\/mark><mark style=\"background-color:rgba(0, 0, 0, 0)\" class=\"has-inline-color has-white-color\"> <\/mark><a href=\"https:\/\/qft-mathphys.uniandes.edu.co\/anreyes\/wp-content\/uploads\/2023\/07\/Particulas-2022-II-Parcial-1.pdf\" target=\"_blank\" rel=\"noreferrer noopener\">P1<\/a> <mark style=\"background-color:rgba(0, 0, 0, 0)\" class=\"has-inline-color has-white-color\">A<\/mark> <a href=\"https:\/\/qft-mathphys.uniandes.edu.co\/anreyes\/wp-content\/uploads\/2023\/07\/Particulas-2022-II-Parcial-2.pdf\" target=\"_blank\" rel=\"noreferrer noopener\">P2<\/a><mark style=\"background-color:rgba(0, 0, 0, 0)\" class=\"has-inline-color has-pale-pink-color\"> <\/mark><mark style=\"background-color:rgba(0, 0, 0, 0)\" class=\"has-inline-color has-white-color\">A<\/mark><mark style=\"background-color:rgba(0, 0, 0, 0)\" class=\"has-inline-color has-pale-pink-color\"> <\/mark><a href=\"https:\/\/qft-mathphys.uniandes.edu.co\/anreyes\/wp-content\/uploads\/2023\/07\/Particulas-2022-II-Parcial-3.pdf\" target=\"_blank\" rel=\"noreferrer noopener\">P3<\/a> <\/h4>\n\n\n\n<h4 class=\"wp-block-heading\">2020:   \u2002   \u2002      <a rel=\"noreferrer noopener\" href=\"https:\/\/qft-mathphys.uniandes.edu.co\/anreyes\/wp-content\/uploads\/2021\/05\/Particulas-2020-1-Tarea-1.pdf\" target=\"_blank\">T1<\/a> <mark style=\"background-color:rgba(0, 0, 0, 0)\" class=\"has-inline-color has-white-color\">A<\/mark> <a rel=\"noreferrer noopener\" href=\"https:\/\/qft-mathphys.uniandes.edu.co\/anreyes\/wp-content\/uploads\/2021\/05\/Particulas-2020-1-Tarea-2.pdf\" target=\"_blank\">T2<\/a> <mark style=\"background-color:rgba(0, 0, 0, 0)\" class=\"has-inline-color has-white-color\">A<\/mark> <a rel=\"noreferrer noopener\" href=\"https:\/\/qft-mathphys.uniandes.edu.co\/anreyes\/wp-content\/uploads\/2021\/05\/Particulas-2020-1-Tarea-3.pdf\" target=\"_blank\">T3<\/a> <mark style=\"background-color:rgba(0, 0, 0, 0)\" class=\"has-inline-color has-white-color\">A<\/mark> <a rel=\"noreferrer noopener\" href=\"https:\/\/qft-mathphys.uniandes.edu.co\/anreyes\/wp-content\/uploads\/2021\/05\/Particulas-2020-I-Parcial-1.pdf\" target=\"_blank\">P1<\/a> <mark style=\"background-color:rgba(0, 0, 0, 0)\" class=\"has-inline-color has-white-color\">A<\/mark> <a rel=\"noreferrer noopener\" href=\"https:\/\/qft-mathphys.uniandes.edu.co\/anreyes\/wp-content\/uploads\/2021\/05\/Particulas-2020-I-Parcial-2.pdf\" target=\"_blank\">P2<\/a><mark style=\"background-color:rgba(0, 0, 0, 0)\" class=\"has-inline-color has-pale-pink-color\"> <\/mark><mark style=\"background-color:rgba(0, 0, 0, 0)\" class=\"has-inline-color has-white-color\">A<\/mark><mark style=\"background-color:rgba(0, 0, 0, 0)\" class=\"has-inline-color has-pale-pink-color\"> <\/mark><a rel=\"noreferrer noopener\" href=\"https:\/\/qft-mathphys.uniandes.edu.co\/anreyes\/wp-content\/uploads\/2021\/05\/Particulas-2020-I-Parcial-3.pdf\" target=\"_blank\">P3<\/a> <\/h4>\n\n\n\n<h4 class=\"wp-block-heading\">2018:   \u2002   \u2002      <a rel=\"noreferrer noopener\" href=\"https:\/\/qft-mathphys.uniandes.edu.co\/anreyes\/wp-content\/uploads\/2021\/05\/Particulas-2018-I-T1.pdf\" target=\"_blank\">T1<\/a> <mark style=\"background-color:rgba(0, 0, 0, 0)\" class=\"has-inline-color has-white-color\">A<\/mark> <a rel=\"noreferrer noopener\" href=\"https:\/\/qft-mathphys.uniandes.edu.co\/anreyes\/wp-content\/uploads\/2021\/05\/Particulas-2018-I-T2.pdf\" target=\"_blank\">T2<\/a> <mark style=\"background-color:rgba(0, 0, 0, 0)\" class=\"has-inline-color has-white-color\">A<\/mark> <a rel=\"noreferrer noopener\" href=\"https:\/\/qft-mathphys.uniandes.edu.co\/anreyes\/wp-content\/uploads\/2021\/05\/Particulas-2018-I-T3.pdf\" target=\"_blank\">T3<\/a> <mark style=\"background-color:rgba(0, 0, 0, 0)\" class=\"has-inline-color has-white-color\">A<\/mark> <a rel=\"noreferrer noopener\" href=\"https:\/\/qft-mathphys.uniandes.edu.co\/anreyes\/wp-content\/uploads\/2021\/05\/Particulas-2018-I-T4.pdf\" target=\"_blank\">T4<\/a> <mark style=\"background-color:rgba(0, 0, 0, 0)\" class=\"has-inline-color has-white-color\">A<\/mark> <a rel=\"noreferrer noopener\" href=\"https:\/\/qft-mathphys.uniandes.edu.co\/anreyes\/wp-content\/uploads\/2021\/05\/Particulas-2018-I-T5.pdf\" target=\"_blank\">T5<\/a> <mark style=\"background-color:rgba(0, 0, 0, 0)\" class=\"has-inline-color has-white-color\">A<\/mark> <a rel=\"noreferrer noopener\" href=\"https:\/\/qft-mathphys.uniandes.edu.co\/anreyes\/wp-content\/uploads\/2021\/05\/Particulas-2018-I-P1.pdf\" target=\"_blank\">P1<\/a> <strong><mark style=\"background-color:rgba(0, 0, 0, 0)\" class=\"has-inline-color has-white-color\">A<\/mark><\/strong> <a rel=\"noreferrer noopener\" href=\"https:\/\/qft-mathphys.uniandes.edu.co\/anreyes\/wp-content\/uploads\/2021\/05\/Particulas-2018-I-P2.pdf\" target=\"_blank\">P2<\/a> <strong><mark style=\"background-color:rgba(0, 0, 0, 0)\" class=\"has-inline-color has-white-color\">A<\/mark><\/strong> <a rel=\"noreferrer noopener\" href=\"https:\/\/qft-mathphys.uniandes.edu.co\/anreyes\/wp-content\/uploads\/2021\/05\/Particulas-2018-I-P3.pdf\" target=\"_blank\">P3<\/a><strong> <mark style=\"background-color:rgba(0, 0, 0, 0)\" class=\"has-inline-color has-white-color\">A <\/mark><\/strong><a rel=\"noreferrer noopener\" href=\"https:\/\/qft-mathphys.uniandes.edu.co\/anreyes\/wp-content\/uploads\/2021\/05\/Particulas-2018-I-FINAL.pdf\" target=\"_blank\">EF<\/a><\/h4>\n\n\n\n<h4 class=\"wp-block-heading\">2016:   \u2002   \u2002      <a rel=\"noreferrer noopener\" href=\"https:\/\/qft-mathphys.uniandes.edu.co\/anreyes\/wp-content\/uploads\/2022\/08\/Particulas-2016-II-T1.pdf\" target=\"_blank\">T1<\/a> <mark style=\"background-color:rgba(0, 0, 0, 0)\" class=\"has-inline-color has-white-color\">A<\/mark> <a rel=\"noreferrer noopener\" href=\"https:\/\/qft-mathphys.uniandes.edu.co\/anreyes\/wp-content\/uploads\/2022\/08\/Particulas-2016-II-T2.pdf\" target=\"_blank\">T2<\/a> <mark style=\"background-color:rgba(0, 0, 0, 0)\" class=\"has-inline-color has-white-color\">A<\/mark> <a rel=\"noreferrer noopener\" href=\"https:\/\/qft-mathphys.uniandes.edu.co\/anreyes\/wp-content\/uploads\/2022\/08\/Particulas-2016-II-T3.pdf\" target=\"_blank\">T3<\/a> <mark style=\"background-color:rgba(0, 0, 0, 0)\" class=\"has-inline-color has-white-color\">A<\/mark> <a rel=\"noreferrer noopener\" href=\"https:\/\/qft-mathphys.uniandes.edu.co\/anreyes\/wp-content\/uploads\/2022\/08\/Particulas-2016-II-T4.pdf\" target=\"_blank\">T4<\/a><mark style=\"background-color:rgba(0, 0, 0, 0)\" class=\"has-inline-color has-white-color\"> <\/mark><mark style=\"background-color:rgba(0, 0, 0, 0)\" class=\"has-inline-color has-white-color\">A<\/mark> <a rel=\"noreferrer noopener\" href=\"https:\/\/qft-mathphys.uniandes.edu.co\/anreyes\/wp-content\/uploads\/2022\/08\/Particulas-2016-II-T5.pdf\" target=\"_blank\">T5<\/a> <mark style=\"background-color:rgba(0, 0, 0, 0)\" class=\"has-inline-color has-white-color\">A <\/mark><mark style=\"background-color:rgba(0, 0, 0, 0)\" class=\"has-inline-color has-black-color\"><a rel=\"noreferrer noopener\" href=\"https:\/\/qft-mathphys.uniandes.edu.co\/anreyes\/wp-content\/uploads\/2022\/08\/Particulas-2016-II-T6.pdf\" target=\"_blank\">T6<\/a><\/mark><mark style=\"background-color:rgba(0, 0, 0, 0)\" class=\"has-inline-color has-white-color\"> <\/mark><mark style=\"background-color:rgba(0, 0, 0, 0)\" class=\"has-inline-color has-white-color\">A <\/mark><mark style=\"background-color:rgba(0, 0, 0, 0)\" class=\"has-inline-color has-black-color\"><a rel=\"noreferrer noopener\" href=\"https:\/\/qft-mathphys.uniandes.edu.co\/anreyes\/wp-content\/uploads\/2022\/08\/Particulas-2016-II-T7.pdf\" target=\"_blank\">T7<\/a><\/mark><mark style=\"background-color:rgba(0, 0, 0, 0)\" class=\"has-inline-color has-white-color\"> <\/mark><mark style=\"background-color:rgba(0, 0, 0, 0)\" class=\"has-inline-color has-white-color\">A<\/mark> <a rel=\"noreferrer noopener\" href=\"https:\/\/qft-mathphys.uniandes.edu.co\/anreyes\/wp-content\/uploads\/2022\/08\/Particulas-2016-II-P1.pdf\" target=\"_blank\">P1<\/a> <strong><mark style=\"background-color:rgba(0, 0, 0, 0)\" class=\"has-inline-color has-white-color\">A<\/mark><\/strong> <a rel=\"noreferrer noopener\" href=\"https:\/\/qft-mathphys.uniandes.edu.co\/anreyes\/wp-content\/uploads\/2021\/05\/Particulas-2018-I-P2.pdf\" target=\"_blank\">P2<\/a><\/h4>\n\n\n\n<h4 class=\"wp-block-heading\">2015:   \u2002   \u2002      <a rel=\"noreferrer noopener\" href=\"https:\/\/qft-mathphys.uniandes.edu.co\/anreyes\/wp-content\/uploads\/2022\/08\/Subatomica-2015-II-T1.pdf\" target=\"_blank\">T1<\/a> <mark style=\"background-color:rgba(0, 0, 0, 0)\" class=\"has-inline-color has-white-color\">A<\/mark> <a rel=\"noreferrer noopener\" href=\"https:\/\/qft-mathphys.uniandes.edu.co\/anreyes\/wp-content\/uploads\/2022\/08\/Subatomica-2015-II-T2.pdf\" target=\"_blank\">T2<\/a> <mark style=\"background-color:rgba(0, 0, 0, 0)\" class=\"has-inline-color has-white-color\">A<\/mark> <a rel=\"noreferrer noopener\" href=\"https:\/\/qft-mathphys.uniandes.edu.co\/anreyes\/wp-content\/uploads\/2022\/08\/Subatomica-2015-II-P1.pdf\" target=\"_blank\">P1<\/a> <mark style=\"background-color:rgba(0, 0, 0, 0)\" class=\"has-inline-color has-white-color\">A<\/mark> <a rel=\"noreferrer noopener\" href=\"https:\/\/qft-mathphys.uniandes.edu.co\/anreyes\/wp-content\/uploads\/2022\/08\/Subatomica-2015-II-P2.pdf\" target=\"_blank\">P2<\/a> <mark style=\"background-color:rgba(0, 0, 0, 0)\" class=\"has-inline-color has-white-color\">A<\/mark> <a rel=\"noreferrer noopener\" href=\"https:\/\/qft-mathphys.uniandes.edu.co\/anreyes\/wp-content\/uploads\/2022\/08\/Subatomica-2015-II-P3.pdf\" target=\"_blank\">P3<\/a> <\/h4>\n\n\n\n<h4 class=\"wp-block-heading\">2012:   \u2002   \u2002      <a href=\"https:\/\/qft-mathphys.uniandes.edu.co\/anreyes\/wp-content\/uploads\/2022\/08\/Subatomica-2015-II-T1.pdf\" target=\"_blank\" rel=\"noreferrer noopener\">T1<\/a> <mark style=\"background-color:rgba(0, 0, 0, 0)\" class=\"has-inline-color has-white-color\">A<\/mark> <a href=\"https:\/\/qft-mathphys.uniandes.edu.co\/anreyes\/wp-content\/uploads\/2022\/08\/Subatomica-2015-II-T2.pdf\" target=\"_blank\" rel=\"noreferrer noopener\">T2<\/a> <mark style=\"background-color:rgba(0, 0, 0, 0)\" class=\"has-inline-color has-white-color\">A<\/mark> <a href=\"https:\/\/qft-mathphys.uniandes.edu.co\/anreyes\/wp-content\/uploads\/2022\/08\/Subatomica-2015-II-T3.pdf\" target=\"_blank\" rel=\"noreferrer noopener\">T3<\/a> <mark style=\"background-color:rgba(0, 0, 0, 0)\" class=\"has-inline-color has-white-color\">A<\/mark> <a href=\"https:\/\/qft-mathphys.uniandes.edu.co\/anreyes\/wp-content\/uploads\/2022\/08\/Subatomica-2015-II-T4.pdf\" target=\"_blank\" rel=\"noreferrer noopener\">T4<\/a> <mark style=\"background-color:rgba(0, 0, 0, 0)\" class=\"has-inline-color has-white-color\">A<\/mark> <a href=\"https:\/\/qft-mathphys.uniandes.edu.co\/anreyes\/wp-content\/uploads\/2022\/08\/Subatomica-2015-II-T5.pdf\" target=\"_blank\" rel=\"noreferrer noopener\">T5<\/a> <mark style=\"background-color:rgba(0, 0, 0, 0)\" class=\"has-inline-color has-white-color\">A<\/mark> <a href=\"https:\/\/qft-mathphys.uniandes.edu.co\/anreyes\/wp-content\/uploads\/2022\/08\/Subatomica-2015-II-P1.pdf\" target=\"_blank\" rel=\"noreferrer noopener\">P1<\/a> <strong><mark style=\"background-color:rgba(0, 0, 0, 0)\" class=\"has-inline-color has-white-color\">A<\/mark><\/strong> <a href=\"https:\/\/qft-mathphys.uniandes.edu.co\/anreyes\/wp-content\/uploads\/2022\/08\/Subatomica-2015-II-P2.pdf\" target=\"_blank\" rel=\"noreferrer noopener\">P2<\/a> <strong><mark style=\"background-color:rgba(0, 0, 0, 0)\" class=\"has-inline-color has-white-color\">A <\/mark><\/strong><a href=\"https:\/\/qft-mathphys.uniandes.edu.co\/anreyes\/wp-content\/uploads\/2022\/08\/Subatomica-2015-II-FINAL.pdf\" target=\"_blank\" rel=\"noreferrer noopener\">EF<\/a>   \u2002   \u2002      <\/h4>\n\n\n\n<div class=\"wp-block-buttons is-layout-flex wp-block-buttons-is-layout-flex\"><\/div>\n","protected":false},"excerpt":{"rendered":"<p>(FISI-3152) Notas de clase Tareas y parciales 2023: 2022: \u2002 \u2002 T1 A T2 A T3 A T4 A P1 A P2 A P3 2020: \u2002 \u2002 T1 A T2 A T3 A P1 A P2 A P3 2018: \u2002 \u2002 T1 A T2 A T3 A T4 A T5 A P1 A P2 A\u2026 <span class=\"read-more\"><a href=\"https:\/\/qft-mathphys.uniandes.edu.co\/anreyes\/fisica-de-particulas\/\">Read More &raquo;<\/a><\/span><\/p>\n","protected":false},"author":3,"featured_media":0,"parent":0,"menu_order":0,"comment_status":"closed","ping_status":"closed","template":"","meta":{"_monsterinsights_skip_tracking":false,"_monsterinsights_sitenote_active":false,"_monsterinsights_sitenote_note":"","_monsterinsights_sitenote_category":0,"footnotes":""},"class_list":["post-281","page","type-page","status-publish","hentry"],"aioseo_notices":[],"_links":{"self":[{"href":"https:\/\/qft-mathphys.uniandes.edu.co\/anreyes\/wp-json\/wp\/v2\/pages\/281"}],"collection":[{"href":"https:\/\/qft-mathphys.uniandes.edu.co\/anreyes\/wp-json\/wp\/v2\/pages"}],"about":[{"href":"https:\/\/qft-mathphys.uniandes.edu.co\/anreyes\/wp-json\/wp\/v2\/types\/page"}],"author":[{"embeddable":true,"href":"https:\/\/qft-mathphys.uniandes.edu.co\/anreyes\/wp-json\/wp\/v2\/users\/3"}],"replies":[{"embeddable":true,"href":"https:\/\/qft-mathphys.uniandes.edu.co\/anreyes\/wp-json\/wp\/v2\/comments?post=281"}],"version-history":[{"count":80,"href":"https:\/\/qft-mathphys.uniandes.edu.co\/anreyes\/wp-json\/wp\/v2\/pages\/281\/revisions"}],"predecessor-version":[{"id":756,"href":"https:\/\/qft-mathphys.uniandes.edu.co\/anreyes\/wp-json\/wp\/v2\/pages\/281\/revisions\/756"}],"wp:attachment":[{"href":"https:\/\/qft-mathphys.uniandes.edu.co\/anreyes\/wp-json\/wp\/v2\/media?parent=281"}],"curies":[{"name":"wp","href":"https:\/\/api.w.org\/{rel}","templated":true}]}}