{"id":14,"date":"2020-10-07T12:04:20","date_gmt":"2020-10-07T17:04:20","guid":{"rendered":"http:\/\/qft-mathphys.uniandes.edu.co\/anreyes\/?page_id=14"},"modified":"2025-03-15T08:23:07","modified_gmt":"2025-03-15T13:23:07","slug":"papers","status":"publish","type":"page","link":"https:\/\/qft-mathphys.uniandes.edu.co\/anreyes\/papers\/","title":{"rendered":"Papers"},"content":{"rendered":"\n<p><strong>[33] Renormalization on the DFR Quantum Spacetime<\/strong> (with J.F. L\u00f3pez) \n<br><span style=\"color: #ff6600;\"><a style=\"color: #ff6600;\" rel=\"noopener noreferrer\" href=\"https:\/\/www.worldscientific.com\/doi\/10.1142\/S0129055X24600055\" target=\"_blank\"><mark style=\"background-color:rgba(0, 0, 0, 0)\" class=\"has-inline-color has-luminous-vivid-orange-color\">Rev. Math. Phys. <strong>36<\/strong>, 9, 2460005 (2024)<\/mark><\/a><\/span>\n<br><a href=\"http:\/\/arxiv.org\/abs\/2302.09386\" target=\"_blank\" rel=\"noopener noreferrer\">ArXiv: 2302.09386<\/a><\/p>\n\n\n\n<p><strong>[32] Entanglement Entropy in Quantum Mechanics: An Algebraic Approach<\/strong>&nbsp; <br><span style=\"color: #ff6600;\"><a style=\"color: #ff6600;\" rel=\"noopener noreferrer\" href=\"https:\/\/doi.org\/10.1142\/9789811270437_0018?format=HB#contentsTabAnchor\" target=\"_blank\">In: &#8220;Particles, Fields and Topology: Celebrating A.P. Balachandran&#8221;, T.R. Govindarajan, G. Marmo, V.P. Nair, D. O&#8217;Connor, S.G. Rajeev, and S. Vaidya(Eds.), pp. 191-199, World Scientific, Singapore (2023)<\/a><\/span><br><a href=\"https:\/\/arxiv.org\/abs\/2212.04601\">ArXiv: 2212.04601<\/a><\/p>\n\n\n\n<p><strong>[31] Superselection, Boundary Algebras and Duality in Gauge Theories<\/strong> (with A.P. Balachandran, V.P. Nair, A. Pinzul and S. Vaidya)<br><span style=\"color: #ff6600;\"><a style=\"color: #ff6600;\" rel=\"noopener noreferrer\" href=\"https:\/\/doi.org\/10.1103\/PhysRevD.106.025001\" target=\"_blank\"><mark style=\"background-color:rgba(0, 0, 0, 0)\" class=\"has-inline-color has-luminous-vivid-orange-color\">Phys. Rev. <strong>D<\/strong>. 106, 025001 (2022)<\/mark><\/a><\/span><br><a rel=\"noopener noreferrer\" href=\"http:\/\/arxiv.org\/abs\/2112.08631\" target=\"_blank\">ArXiv: 2112.08631<\/a><\/p>\n\n\n\n<p><strong>[30] A&nbsp;$\\mathbb Z_2$-Topological Index as a&nbsp;<strong>$\\mathbb Z_2$ <\/strong>-State Index<\/strong> (with N.J.B. Aza and  L.C.P.A.M. M\u00fcssnich)\n<span style=\"color: #ff6600;\"><a style=\"color: #ff6600;\" rel=\"noopener noreferrer\" href=\"https:\/\/doi.org\/10.1063\/5.0089779\" target=\"_blank\"><br>J. Math. Phys. <strong>63<\/strong>, 061901 (2022)<\/a><\/span><br><a rel=\"noopener noreferrer\" href=\"https:\/\/doi.org\/10.48550\/arXiv.2203.01320\" target=\"_blank\">ArXiv: 2203.01320<\/a><\/p>\n\n\n\n<p><strong>[29] Uncertainties in Quantum Measurements: A Quantum Tomography<\/strong> (with A.P. Balachandran, F. Calder\u00f3n, V.P. Nair, Alekasandr Pinzul and S. Vaidya)\n<span style=\"color: #ff6600;\"><a style=\"color: #ff6600;\" rel=\"noopener noreferrer\" href=\"https:\/\/doi.org\/10.1088\/1751-8121\/ac6a2c\" target=\"_blank\"><br>J. Phys. A: Math. Theor. <strong>55<\/strong>, 225309 (2022)<\/a><\/span><br><a rel=\"noopener noreferrer\" href=\"http:\/\/arxiv.org\/abs\/2112.07520\" target=\"_blank\">ArXiv: 2112.07520<\/a><\/p>\n\n\n\n<p><strong>[28] A $\\mathbb Z_2$ -Topological Index for Quasi-Free Fermions<\/strong> (with N.J.B. Aza and L.A.M. Sequera)<span style=\"color: #ff6600;\"><a style=\"color: #ff6600;\" rel=\"noopener noreferrer\" href=\"https:\/\/doi.org\/10.1007\/s11040-022-09421-w\" target=\"_blank\"><br>Math. Phys. Anal. Geom. <strong>25<\/strong>, 11 (2022)<\/a><\/span><br><a rel=\"noopener noreferrer\" href=\"http:\/\/arxiv.org\/abs\/2008.07477\" target=\"_blank\">ArXiv: 2008.07477<\/a><\/p>\n\n\n\n<p><strong>[27] Emergent Gauge Symmetries and Quantum Operations<\/strong> (with A.P. Balachandran, I.M. Burbano and S. Tabban)<span style=\"color: #ff6600;\"><a style=\"color: #ff6600;\" href=\"https:\/\/iopscience.iop.org\/article\/10.1088\/1751-8121\/ab6143\" target=\"_blank\" rel=\"noopener noreferrer\"><br>J. Phys. A: Math. Theor. <strong>53<\/strong>, 06LT01 (2020)<\/a><\/span><br><a href=\"http:\/\/arxiv.org\/abs\/1906.05464\" target=\"_blank\" rel=\"noopener noreferrer\">ArXiv: 1906.05464<\/a><\/p>\n\n\n\n<p><strong>[26] The Gauss Law: A Tale<\/strong>&nbsp;&nbsp;(with A.P. Balachandran)<br><span style=\"color: #ff6600;\"><a style=\"color: #ff6600;\" href=\"https:\/\/link.springer.com\/chapter\/10.1007%2F978-3-030-24748-5_4\" target=\"_blank\" rel=\"noopener noreferrer\">In: Marmo G., Mart\u00edn de Diego D., Mu\u00f1oz Lecanda M. (eds) Classical and Quantum Physics. Springer Proceedings in Physics, vol 229. Springer, Cham (2019)<\/a><\/span><br><a href=\"https:\/\/arxiv.org\/abs\/1807.05161\" target=\"_blank\" rel=\"noopener noreferrer\">ArXiv: 1807.05161<\/a><\/p>\n\n\n\n<p><strong>[25] Majorana Fermions and Orthogonal Complex Structures<\/strong>&nbsp;&nbsp;(with Sebasti\u00e1n Calder\u00f3n)<span style=\"color: #ff6600;\"><a style=\"color: #ff6600;\" href=\"https:\/\/www.worldscientific.com\/toc\/mpla\/33\/14\" target=\"_blank\" rel=\"noopener noreferrer\"><br>Modern Physics Letters A 33 (14), 1840001 (2018)<\/a><\/span><br><a href=\"https:\/\/arxiv.org\/abs\/1712.05069\" target=\"_blank\" rel=\"noopener noreferrer\">ArXiv: 1712.05069<\/a><\/p>\n\n\n\n<p><strong>[24] Quantum Field Theory in Curved Space-Time<\/strong> (Notes Based on Lectures by A. Ashtekar)<br><span style=\"color: #ff6600;\"><a style=\"color: #ff6600;\" href=\"https:\/\/doi.org\/10.1007\/978-3-319-65427-0_5\" target=\"_blank\" rel=\"noopener noreferrer\"> In: Cardona A., Morales P., Ocampo H., Paycha S., Reyes Lega A. (eds) Quantization, Geometry and Noncommutative Structures in Mathematics and Physics. Mathematical Physics Studies. Springer, Cham (2017)<\/a><\/span><\/p>\n\n\n\n<p><strong>[23] Prelude: A General Overview<\/strong> (with A. Cardona and S. Paycha)<br><span style=\"color: #ff6600;\"><a style=\"color: #ff6600;\" href=\"https:\/\/doi.org\/10.1007\/978-3-319-65427-0_1\" target=\"_blank\" rel=\"noopener noreferrer\"> In: Cardona A., Morales P., Ocampo H., Paycha S., Reyes Lega A. (eds) Quantization, Geometry and Noncommutative Structures in Mathematics and Physics. Mathematical Physics Studies. Springer, Cham (2017)<\/a><\/span><\/p>\n\n\n\n<p><strong>[22] Some Aspects of Operator Algebras in Quantum Physics<\/strong><br><span style=\"color: #ff6600;\"><a style=\"color: #ff6600;\" href=\"http:\/\/www.worldscientific.com\/worldscibooks\/10.1142\/9861\" target=\"_blank\" rel=\"noopener noreferrer\">Geometric, Algebraic and Topological Methods for Quantum Field Theory, L. Cano, A. Cardona, H. Ocampo and A. Reyes Lega (Eds.), pp. 1-74, World Scientific, Singapore (2016)<\/a><\/span><br><a href=\"https:\/\/arxiv.org\/abs\/1612.07718\" target=\"_blank\" rel=\"noopener noreferrer\">ArXiv: 1612.07718<\/a><\/p>\n\n\n\n<p><strong>[21] Coupling the Sorkin-Johnston State to Gravity<\/strong>&nbsp;&nbsp;(with N. Avil\u00e1n and B. Carneiro da Cunha)<br><span style=\"color: #ff6600;\"><a style=\"color: #ff6600;\" href=\"https:\/\/journals.aps.org\/prd\/abstract\/10.1103\/PhysRevD.90.084036\" target=\"_blank\" rel=\"noopener noreferrer\">Physical Review D 90 (8), 084036 (2014)<\/a><\/span><br><a href=\"https:\/\/arxiv.org\/abs\/1408.3446\" target=\"_blank\" rel=\"noopener noreferrer\">ArXiv: 1408.3446<\/a><\/p>\n\n\n\n<p><strong>[20] Evidencias para la renovaci\u00f3n de la ense\u00f1anza universitaria de F\u00edsica. Una aplicaci\u00f3n de la estrategia REUBE<\/strong> (con A. Gras-Mart\u00ed, C. Becerra Labra, &nbsp;J.A. Garc\u00eda-Varela and &nbsp;M. Forero-Shelton)<br><span style=\"color: #ff6600;\"><a style=\"color: #ff6600;\" href=\"https:\/\/doi.org\/10.1016\/S0185-2698(14)70639-7\" target=\"_blank\" rel=\"noopener noreferrer\">Perfiles Educativos 36, 145, pp. 81-97 (2014)<\/a><\/span><\/p>\n\n\n\n<p><strong>[19] Algebraic Approach to Entanglement and Entropy<\/strong> (with A.P. Balachandran, T.R. Govindarajan and A. Queiroz)<br><span style=\"color: #ff6600;\"><a style=\"color: #ff6600;\" href=\"http:\/\/journals.aps.org\/pra\/abstract\/10.1103\/PhysRevA.88.022301\" target=\"_blank\" rel=\"noopener noreferrer\">Phys. Rev. A 88, 022301 (2013)<\/a><\/span><br><a href=\"http:\/\/arxiv.org\/abs\/1301.1300\" target=\"_blank\" rel=\"noopener noreferrer\">ArXiv: 1301.1300<\/a><\/p>\n\n\n\n<p><strong>[18] Algebraic Theory of Entanglement<\/strong> (with A.P. Balachandran, T.R. Govindarajan and A. Queiroz)<br><span style=\"color: #ff6600;\"><a style=\"color: #ff6600;\" href=\"http:\/\/dx.doi.org\/10.1393\/ncc\/i2013-11521-7\" target=\"_blank\" rel=\"noopener noreferrer\">Il Nuovo Cimento C 36, 03, pp. 27-33 (2013)<\/a><\/span><\/p>\n\n\n\n<p><strong>[17] Entanglement and Particle Identity: A Unifying Approach<\/strong> (with A.P. Balachandran, T.R. Govindarajan and A. Queiroz)<br><span style=\"color: #ff6600;\"><a style=\"color: #ff6600;\" href=\"http:\/\/link.aps.org\/doi\/10.1103\/PhysRevLett.110.080503\" target=\"_blank\" rel=\"noopener noreferrer\">Phys. Rev. Lett. 110, 8, 80503 (2013)<\/a><\/span><br><a href=\"http:\/\/arxiv.org\/abs\/1205.2882\" target=\"_blank\" rel=\"noopener noreferrer\">ArXiv: 1205.2882<\/a><\/p>\n\n\n\n<p><strong>[16] On the Geometry of Quantum Indistinguishability<\/strong><br><span style=\"color: #ff6600;\"><a style=\"color: #ff6600;\" href=\"http:\/\/iopscience.iop.org\/article\/10.1088\/1751-8113\/44\/32\/325308\/meta;jsessionid=42D0B1B3A328242AFFCEACC6363006E8.c4\" target=\"_blank\" rel=\"noopener noreferrer\">J. Phys. A: Math. Theor. 44 325308 (2011)<\/a><\/span><br><a href=\"http:\/\/arxiv.org\/abs\/1112.6300\" target=\"_blank\" rel=\"noopener noreferrer\">ArXiv: 1112.6300<\/a><\/p>\n\n\n\n<p><strong>[15] Remarks on the Configuration Space Approach to Spin-Statistics<\/strong> (with C. Benavides)<br><span style=\"color: #ff6600;\"><a style=\"color: #ff6600;\" href=\"http:\/\/link.springer.com\/article\/10.1007%2Fs10701-009-9397-3\" target=\"_blank\" rel=\"noopener noreferrer\">Foundations of Physics 40, 7, pp. 1004-1029 (2010)<\/a><\/span><br><a href=\"http:\/\/arxiv.org\/abs\/0911.0579\" target=\"_blank\" rel=\"noopener noreferrer\">ArXiv: 0911.0579<\/a><\/p>\n\n\n\n<p><strong>[14] On the Geometry of the Berry-Robbins Approach to Spin-Statistics<\/strong> (with N. Papadopoulos)<br><span style=\"color: #ff6600;\"><a style=\"color: #ff6600;\" href=\"http:\/\/link.springer.com\/article\/10.1007%2Fs10701-009-9365-y\" target=\"_blank\" rel=\"noopener noreferrer\">Foundations of Physics 40, 7, pp. 829-851 (2010)<\/a><\/span><br><a href=\"http:\/\/arxiv.org\/abs\/0910.1659\" target=\"_blank\" rel=\"noopener noreferrer\">ArXiv: 0910.1659<\/a><\/p>\n\n\n\n<p><strong>[13] Canonical Group Quantization, Rotation Generators and Quantum Indistinguishability<\/strong> (with C. Benavides)<br><span style=\"color: #ff6600;\"><a style=\"color: #ff6600;\" rel=\"noopener noreferrer\" href=\"http:\/\/www.cambridge.org\/gb\/academic\/subjects\/physics\/theoretical-physics-and-mathematical-physics\/geometric-and-topological-methods-quantum-field-theory?format=HB#contentsTabAnchor\" target=\"_blank\">Proceedings of the Summer School &#8220;Geometric and Topological Methods for Quantum Field Theory&#8221;, H. Ocampo, E. Parigu\u00e1n, S. Paycha (Eds.), pp. 344-367, Cambridge University Press, Cambridge, UK (2010)<\/a><\/span><br><a rel=\"noopener noreferrer\" href=\"http:\/\/arxiv.org\/abs\/0806.2449\" target=\"_blank\">ArXiv: 0806.2449<\/a><\/p>\n\n\n\n<p><strong>[12] On the realization of Symmetries in Quantum Mechanics<\/strong> (with K.J. Keller and N. Papadopoulos)<br><span style=\"color: #ff6600;\"><a style=\"color: #ff6600;\" href=\"https:\/\/link.springer.com\/article\/10.1007%2Fs00591-008-0035-5\" target=\"_blank\" rel=\"noopener noreferrer\">Math. Semesterber. 55, 2, pp. 149-160 (2008)<\/a><\/span><br><a href=\"https:\/\/arxiv.org\/abs\/0712.0997\" target=\"_blank\" rel=\"noopener noreferrer\">ArXiv: 0712.0997<\/a><\/p>\n\n\n\n<p><strong>[11] Berry Phases, Quantum Phase Transitions and Chern Numbers<\/strong> (with H.A. Contreras)<br><span style=\"color: #ff6600;\"><a style=\"color: #ff6600;\" href=\"https:\/\/doi.org\/10.1016\/j.physb.2007.10.131\" target=\"_blank\" rel=\"noopener noreferrer\">Physica B: Condensed Matter 403 (5), pp. 1301-1302 (2008)<\/a><\/span><br><a href=\"https:\/\/arxiv.org\/abs\/0710.0350\" target=\"_blank\" rel=\"noopener noreferrer\">ArXiv: 0710.0350<\/a><\/p>\n\n\n\n<p><strong>[10] Ultrafast Non-linear Optical Signal from a Single Dot in a Magnetic Field<\/strong> (with F.J. Rodr\u00edguez and L. Quiroga)<br><span style=\"color: #ff6600;\"><a style=\"color: #ff6600;\" rel=\"noopener noreferrer\" href=\"https:\/\/www.novapublishers.com\/catalog\/product_info.php?products_id=2579\" target=\"_blank\">In: Ling, Peter A. (Ed) Quantum Dots: New Research. Nova Science Publishers (2005)<\/a><\/span><\/p>\n\n\n\n<p><strong>[09] The Spin-Statistics Relation in Nonrelativistic Quantum Mechanics and Projective Modules<\/strong> (with N. Papadopoulos, M. Paschke and F. Scheck)<br><span style=\"color: #ff6600;\"><a style=\"color: #ff6600;\" href=\"http:\/\/dx.doi.org\/10.5802\/ambp.193\" target=\"_blank\" rel=\"noopener noreferrer\">Annales Mathematiques Blaise Pascal 11, pp. 205-220 (2004)<\/a><\/span><br><a href=\"https:\/\/arxiv.org\/abs\/quant-ph\/0608125\" target=\"_blank\" rel=\"noopener noreferrer\">ArXiv: quant-ph\/0608125<\/a><\/p>\n\n\n\n<p><strong>[08] Ultrafast Non-linear Optical Signal from a Single Quantum Dot: Exciton and Biexciton Effects<\/strong> (with F.J. Rodr\u00edguez and L. Quiroga)<br><span style=\"color: #ff6600;\"><a style=\"color: #ff6600;\" href=\"https:\/\/doi.org\/10.1088\/0953-8984\/16\/34\/017\" target=\"_blank\" rel=\"noopener noreferrer\">J. Phys.: Condens. Matter 16, pp. 6185-6193 (2004)<\/a><\/span><br><a href=\"https:\/\/arxiv.org\/abs\/cond-mat\/0208588\" target=\"_blank\" rel=\"noopener noreferrer\">ArXiv: cond-mat\/0208588<\/a><\/p>\n\n\n\n<p><strong>[07] Quantum Hall Conductivity and Topological Invariants<\/strong><br><span style=\"color: #ff6600;\"><a style=\"color: #ff6600;\" rel=\"noopener noreferrer\" href=\"https:\/\/doi.org\/10.1142\/9789812810571_0012\" target=\"_blank\">Proceedings of the Summer School &#8220;Geometric Methods for Quantum Field Theory&#8221;, H. Ocampo, S. Paycha and A. Reyes (Eds.), pp. 498-508, World Scientific, Singapore (2001)<\/a><\/span><\/p>\n\n\n\n<p><strong>[06] Excitons and Biexcitons in Quantum Dots in a Magnetic Field<\/strong> (with L. Quiroga)<br><span style=\"color: #ff6600;\"><a style=\"color: #ff6600;\" href=\"https:\/\/www.dropbox.com\/s\/be8x4ud20u1ek1b\/RevColFis1999.pdf?dl=0\" target=\"_blank\" rel=\"noopener noreferrer\">Rev. Col. F\u00eds. 31, no 2, pp. 307-310 (1999)<\/a><\/span><\/p>\n\n\n\n<p><strong>[05] Quasi-two-dimensional Magnetic Polaron: An Exact Self-Consistent Approach<\/strong> (with A. Camacho, F.J. Rodr\u00edguez and L. Quiroga)<br><span style=\"color: #ff6600;\"><a style=\"color: #ff6600;\" href=\"https:\/\/rmf.smf.mx\/pdf\/rmf-s\/44\/3\/44_3_126.pdf\" target=\"_blank\" rel=\"noopener noreferrer\">Rev. Mex. F\u00eds. 44 S3, pp. 126-129 (1998)<\/a><\/span><\/p>\n\n\n\n<p><strong>[04] Exciton Magnetic Polarons in Cd 1-x Mn x Te Quantum Wells<\/strong> (with A. Camacho, F.J. Rodr\u00edguez and L. Quiroga)<br><span style=\"color: #ff6600;\"><a style=\"color: #ff6600;\" href=\"https:\/\/inis.iaea.org\/search\/search.aspx?orig_q=RN:29013494\" target=\"_blank\" rel=\"noopener noreferrer\">International Atomic Energy Agency (IAEA). IC\/IR&#8211;97\/23 (1997)<\/a><\/span><\/p>\n\n\n\n<p><strong>[03] Polar\u00f3n magn\u00e9tico bidimensional<\/strong> (with A. Camacho, F.J. Rodr\u00edguez and L. Quiroga)<br><span style=\"color: #ff6600;\"><a style=\"color: #ff6600;\" href=\"https:\/\/qft-mathphys.uniandes.edu.co\/anreyes\/wp-content\/uploads\/2022\/04\/RevColFis1997-B.pdf\" target=\"_blank\" rel=\"noopener noreferrer\">Rev. Col. F\u00eds. 29, no 2, pp. 163-166 (1997)<\/a><\/span><\/p>\n\n\n\n<p><strong>[02] Estados de superficie en ternarios II-VI<\/strong> (with A. Camacho)<br><span style=\"color: #ff6600;\"><a style=\"color: #ff6600;\" href=\"https:\/\/qft-mathphys.uniandes.edu.co\/anreyes\/wp-content\/uploads\/2020\/10\/RevColFis1997-A.pdf\" target=\"_blank\" rel=\"noopener noreferrer\">Rev. Col. F\u00eds. 29, no 2, pp. 167-170 (1997)<\/a><\/span><\/p>\n\n\n\n<p><strong>[01] Bulk and Surface Electronic Band Structure of Ternary II-VI Compounds<\/strong> (with A. Camacho)<br><a style=\"color: #ff6600;\" href=\"https:\/\/qft-mathphys.uniandes.edu.co\/anreyes\/wp-content\/uploads\/2020\/10\/RevColFis1996-1.pdf\" target=\"_blank\" rel=\"noopener noreferrer\"><span style=\"color: #ff6600;\">Rev. Col. F\u00eds. 28, pp. 91-94 (1996)<\/span><\/a><\/p>\n","protected":false},"excerpt":{"rendered":"<p>[33] Renormalization on the DFR Quantum Spacetime (with J.F. L\u00f3pez) Rev. Math. Phys. 36, 9, 2460005 (2024) ArXiv: 2302.09386 [32] Entanglement Entropy in Quantum Mechanics: An Algebraic Approach&nbsp; In: &#8220;Particles, Fields and Topology: Celebrating A.P. Balachandran&#8221;, T.R. Govindarajan, G. Marmo, V.P. Nair, D. O&#8217;Connor, S.G. Rajeev, and S. Vaidya(Eds.), pp. 191-199, World Scientific, Singapore (2023)ArXiv:\u2026 <span class=\"read-more\"><a href=\"https:\/\/qft-mathphys.uniandes.edu.co\/anreyes\/papers\/\">Read More &raquo;<\/a><\/span><\/p>\n","protected":false},"author":2,"featured_media":0,"parent":0,"menu_order":0,"comment_status":"closed","ping_status":"closed","template":"","meta":{"_monsterinsights_skip_tracking":false,"_monsterinsights_sitenote_active":false,"_monsterinsights_sitenote_note":"","_monsterinsights_sitenote_category":0,"footnotes":""},"class_list":["post-14","page","type-page","status-publish","hentry"],"aioseo_notices":[],"_links":{"self":[{"href":"https:\/\/qft-mathphys.uniandes.edu.co\/anreyes\/wp-json\/wp\/v2\/pages\/14"}],"collection":[{"href":"https:\/\/qft-mathphys.uniandes.edu.co\/anreyes\/wp-json\/wp\/v2\/pages"}],"about":[{"href":"https:\/\/qft-mathphys.uniandes.edu.co\/anreyes\/wp-json\/wp\/v2\/types\/page"}],"author":[{"embeddable":true,"href":"https:\/\/qft-mathphys.uniandes.edu.co\/anreyes\/wp-json\/wp\/v2\/users\/2"}],"replies":[{"embeddable":true,"href":"https:\/\/qft-mathphys.uniandes.edu.co\/anreyes\/wp-json\/wp\/v2\/comments?post=14"}],"version-history":[{"count":34,"href":"https:\/\/qft-mathphys.uniandes.edu.co\/anreyes\/wp-json\/wp\/v2\/pages\/14\/revisions"}],"predecessor-version":[{"id":823,"href":"https:\/\/qft-mathphys.uniandes.edu.co\/anreyes\/wp-json\/wp\/v2\/pages\/14\/revisions\/823"}],"wp:attachment":[{"href":"https:\/\/qft-mathphys.uniandes.edu.co\/anreyes\/wp-json\/wp\/v2\/media?parent=14"}],"curies":[{"name":"wp","href":"https:\/\/api.w.org\/{rel}","templated":true}]}}