{"id":100,"date":"2020-10-07T15:47:01","date_gmt":"2020-10-07T20:47:01","guid":{"rendered":"https:\/\/qft-mathphys.uniandes.edu.co\/anreyes\/?page_id=100"},"modified":"2025-05-15T11:10:21","modified_gmt":"2025-05-15T16:10:21","slug":"books","status":"publish","type":"page","link":"https:\/\/qft-mathphys.uniandes.edu.co\/anreyes\/books\/","title":{"rendered":"Books"},"content":{"rendered":"\n<h2 class=\"wp-block-heading\">Edited volumes<\/h2>\n\n\n\n<div class=\"wp-block-media-text alignwide is-stacked-on-mobile\" style=\"grid-template-columns:22% auto\"><figure class=\"wp-block-media-text__media\"><img loading=\"lazy\" decoding=\"async\" width=\"684\" height=\"1024\" src=\"https:\/\/qft-mathphys.uniandes.edu.co\/anreyes\/wp-content\/uploads\/2025\/05\/MPS2025-684x1024.jpg\" alt=\"\" class=\"wp-image-884 size-full\" srcset=\"https:\/\/qft-mathphys.uniandes.edu.co\/anreyes\/wp-content\/uploads\/2025\/05\/MPS2025-684x1024.jpg 684w, https:\/\/qft-mathphys.uniandes.edu.co\/anreyes\/wp-content\/uploads\/2025\/05\/MPS2025-200x300.jpg 200w, https:\/\/qft-mathphys.uniandes.edu.co\/anreyes\/wp-content\/uploads\/2025\/05\/MPS2025-660x988.jpg 660w, https:\/\/qft-mathphys.uniandes.edu.co\/anreyes\/wp-content\/uploads\/2025\/05\/MPS2025.jpg 768w\" sizes=\"(max-width: 684px) 100vw, 684px\" \/><\/figure><div class=\"wp-block-media-text__content\">\n<h3 class=\"wp-block-heading\">Geometry, Topology and Operator Algebras<\/h3>\n\n\n\n<h5 class=\"wp-block-heading\">-Global Analysis, Invariants and Their Significance in Theoretical Physics-<\/h5>\n\n\n\n<p>Alexander Cardona, Andr\u00e9s F. Reyes Lega (Eds.). Part of the <a href=\"https:\/\/link.springer.com\/bookseries\/6316\"><em>Mathematical Physics Studies<\/em><\/a> book series, Springer (2025)<\/p>\n<\/div><\/div>\n\n\n\n<hr class=\"wp-block-separator has-css-opacity\"\/>\n\n\n\n<div class=\"wp-block-media-text alignwide is-stacked-on-mobile\" style=\"grid-template-columns:22% auto\"><figure class=\"wp-block-media-text__media\"><img loading=\"lazy\" decoding=\"async\" width=\"680\" height=\"1024\" src=\"https:\/\/qft-mathphys.uniandes.edu.co\/anreyes\/wp-content\/uploads\/2021\/02\/VdL2015-680x1024.jpg\" alt=\"\" class=\"wp-image-175 size-full\" srcset=\"https:\/\/qft-mathphys.uniandes.edu.co\/anreyes\/wp-content\/uploads\/2021\/02\/VdL2015-680x1024.jpg 680w, https:\/\/qft-mathphys.uniandes.edu.co\/anreyes\/wp-content\/uploads\/2021\/02\/VdL2015-199x300.jpg 199w, https:\/\/qft-mathphys.uniandes.edu.co\/anreyes\/wp-content\/uploads\/2021\/02\/VdL2015-768x1156.jpg 768w, https:\/\/qft-mathphys.uniandes.edu.co\/anreyes\/wp-content\/uploads\/2021\/02\/VdL2015-660x993.jpg 660w, https:\/\/qft-mathphys.uniandes.edu.co\/anreyes\/wp-content\/uploads\/2021\/02\/VdL2015.jpg 824w\" sizes=\"(max-width: 680px) 100vw, 680px\" \/><\/figure><div class=\"wp-block-media-text__content\">\n<h3 class=\"wp-block-heading\">Quantization, Geometry and Noncommutative Structures in Mathematics and Physics<\/h3>\n\n\n\n<p>Alexander Cardona, Pedro Morales, Hern\u00e1n Ocampo, Sylvie Paycha, Andr\u00e9s F. Reyes Lega (Eds.). Part of the <a href=\"https:\/\/link.springer.com\/bookseries\/6316\"><em>Mathematical Physics Studies<\/em><\/a> book series, Springer (2017)<\/p>\n<\/div><\/div>\n\n\n\n<hr class=\"wp-block-separator has-css-opacity\"\/>\n\n\n\n<div class=\"wp-block-media-text alignwide is-stacked-on-mobile\" style=\"grid-template-columns:22% auto\"><figure class=\"wp-block-media-text__media\"><img loading=\"lazy\" decoding=\"async\" width=\"200\" height=\"296\" src=\"https:\/\/qft-mathphys.uniandes.edu.co\/anreyes\/wp-content\/uploads\/2021\/02\/VdL2013.jpg\" alt=\"\" class=\"wp-image-180 size-full\"\/><\/figure><div class=\"wp-block-media-text__content\">\n<h3 class=\"wp-block-heading\">Geometric, Algebraic and Topological Methods for Quantum Field Theory<\/h3>\n\n\n\n<p>Proceedings of the 2013 Villa de Leyva Summer School.<br>Leonardo Cano, Alexander Cardona, Hern\u00e1n Ocampo,&nbsp; Andr\u00e9s F. Reyes Lega (Eds.). World Scientific (2016)<\/p>\n<\/div><\/div>\n\n\n\n<hr class=\"wp-block-separator has-css-opacity\"\/>\n\n\n\n<div class=\"wp-block-media-text alignwide is-stacked-on-mobile\" style=\"grid-template-columns:22% auto\"><figure class=\"wp-block-media-text__media\"><img loading=\"lazy\" decoding=\"async\" width=\"120\" height=\"181\" src=\"https:\/\/qft-mathphys.uniandes.edu.co\/anreyes\/wp-content\/uploads\/2021\/02\/VdL2011.jpg\" alt=\"\" class=\"wp-image-185 size-full\"\/><\/figure><div class=\"wp-block-media-text__content\">\n<h3 class=\"wp-block-heading\">Geometric, Algebraic and Topological Methods for Quantum Field Theory<\/h3>\n\n\n\n<p>Proceedings of the 2011 Villa de Leyva Summer School.<br>Alexander Cardona, Carolina Neira-Jim\u00e9nez, Hern\u00e1n Ocampo,&nbsp; Sylvie Paycha, Andr\u00e9s F. Reyes-Lega (Eds.). World Scientific (2014)<\/p>\n<\/div><\/div>\n\n\n\n<hr class=\"wp-block-separator has-css-opacity\"\/>\n\n\n\n<div class=\"wp-block-media-text alignwide is-stacked-on-mobile\" style=\"grid-template-columns:22% auto\"><figure class=\"wp-block-media-text__media\"><a href=\"https:\/\/doi.org\/10.1017\/CBO9781139208642\"><img loading=\"lazy\" decoding=\"async\" width=\"180\" height=\"257\" src=\"https:\/\/qft-mathphys.uniandes.edu.co\/anreyes\/wp-content\/uploads\/2021\/02\/VdL2009.jpg\" alt=\"\" class=\"wp-image-186 size-full\"\/><\/a><\/figure><div class=\"wp-block-media-text__content\">\n<h3 class=\"wp-block-heading\">Geometric and Topological Methods for Quantum Field Theory<\/h3>\n\n\n\n<p>Proceedings of the 2009 Villa de Leyva Summer School.<br>Alexander Cardona, Iv\u00e1n Contreras, Andr\u00e9s F. Reyes-Lega (Eds.). Cambridge UP (2013)<\/p>\n<\/div><\/div>\n\n\n\n<hr class=\"wp-block-separator has-css-opacity\"\/>\n\n\n\n<div class=\"wp-block-media-text alignwide is-stacked-on-mobile\" style=\"grid-template-columns:22% auto\"><figure class=\"wp-block-media-text__media\"><img loading=\"lazy\" decoding=\"async\" width=\"128\" height=\"176\" src=\"https:\/\/qft-mathphys.uniandes.edu.co\/anreyes\/wp-content\/uploads\/2020\/10\/VdL1999.jpg\" alt=\"\" class=\"wp-image-144 size-full\"\/><\/figure><div class=\"wp-block-media-text__content\">\n<h3 class=\"wp-block-heading\">Geometric Methods for Quantum Field Theory<\/h3>\n\n\n\n<p>Proceedings of the 1999 Villa de Leyva Summer School.<br>Hern\u00e1n Ocampo,&nbsp; Sylvie Paycha, Andr\u00e9s Reyes (Eds.). World Scientific (2001)<\/p>\n<\/div><\/div>\n\n\n\n<hr class=\"wp-block-separator has-css-opacity\"\/>\n","protected":false},"excerpt":{"rendered":"<p>Edited volumes Geometry, Topology and Operator Algebras -Global Analysis, Invariants and Their Significance in Theoretical Physics- Alexander Cardona, Andr\u00e9s F. Reyes Lega (Eds.). Part of the Mathematical Physics Studies book series, Springer (2025) Quantization, Geometry and Noncommutative Structures in Mathematics and Physics Alexander Cardona, Pedro Morales, Hern\u00e1n Ocampo, Sylvie Paycha, Andr\u00e9s F. Reyes Lega (Eds.).\u2026 <span class=\"read-more\"><a href=\"https:\/\/qft-mathphys.uniandes.edu.co\/anreyes\/books\/\">Read More &raquo;<\/a><\/span><\/p>\n","protected":false},"author":2,"featured_media":0,"parent":0,"menu_order":0,"comment_status":"closed","ping_status":"closed","template":"","meta":{"_monsterinsights_skip_tracking":false,"_monsterinsights_sitenote_active":false,"_monsterinsights_sitenote_note":"","_monsterinsights_sitenote_category":0,"footnotes":""},"class_list":["post-100","page","type-page","status-publish","hentry"],"aioseo_notices":[],"_links":{"self":[{"href":"https:\/\/qft-mathphys.uniandes.edu.co\/anreyes\/wp-json\/wp\/v2\/pages\/100"}],"collection":[{"href":"https:\/\/qft-mathphys.uniandes.edu.co\/anreyes\/wp-json\/wp\/v2\/pages"}],"about":[{"href":"https:\/\/qft-mathphys.uniandes.edu.co\/anreyes\/wp-json\/wp\/v2\/types\/page"}],"author":[{"embeddable":true,"href":"https:\/\/qft-mathphys.uniandes.edu.co\/anreyes\/wp-json\/wp\/v2\/users\/2"}],"replies":[{"embeddable":true,"href":"https:\/\/qft-mathphys.uniandes.edu.co\/anreyes\/wp-json\/wp\/v2\/comments?post=100"}],"version-history":[{"count":11,"href":"https:\/\/qft-mathphys.uniandes.edu.co\/anreyes\/wp-json\/wp\/v2\/pages\/100\/revisions"}],"predecessor-version":[{"id":885,"href":"https:\/\/qft-mathphys.uniandes.edu.co\/anreyes\/wp-json\/wp\/v2\/pages\/100\/revisions\/885"}],"wp:attachment":[{"href":"https:\/\/qft-mathphys.uniandes.edu.co\/anreyes\/wp-json\/wp\/v2\/media?parent=100"}],"curies":[{"name":"wp","href":"https:\/\/api.w.org\/{rel}","templated":true}]}}